{"id":3573,"date":"2024-10-21T20:30:39","date_gmt":"2024-10-21T17:30:39","guid":{"rendered":"https:\/\/faberpet.ro\/stage\/produs\/ventuza-transparent-cu-doua-gauri-37-mm\/"},"modified":"2025-10-13T12:29:27","modified_gmt":"2025-10-13T10:29:27","slug":"ventuza-transparent-cu-doua-gauri-37-mm","status":"publish","type":"product","link":"https:\/\/faberpet.ro\/stage\/produs\/ventuza-transparent-cu-doua-gauri-37-mm\/","title":{"rendered":"Ventuza transparent cu doua gauri 37 mm 10\/set"},"content":{"rendered":"<p>Ventuza furtun aer acvariu confec\u021bionat\u0103 din cauciuc siliconic moale transparent. De bun\u0103 calitate cu dou\u0103 g\u0103uri, una de 5 mm \u0219i alta de 3 mm care serve\u0219te pentru pozi\u021bionarea accesoriilor \u00een acvarii. Diametrul ventuzei 37 mm. Modalit\u0103\u021bile de utilizare Posibilitatea de a fixa diverse obiecte decorative pe fundul acvariului. Fixarea diverselor obiecte folosite la decorarea acvariilor. Se poate utiliza \u0219i pentru dirijarea sau fixarea cablurilor electrice din acvariu.<\/p>\n<p>Se vinde ambalat c\u00e2te 10 buc\/set!<\/p>\n<p>Pre\u021bul afi\u0219at este per buc!<\/p>\n","protected":false},"excerpt":{"rendered":"<p>Ventuza furtun aer acvariu confec\u021bionat\u0103 din cauciuc siliconic moale transparent. De bun\u0103 calitate cu dou\u0103 g\u0103uri, una de 5 mm \u0219i alta de 3 mm care serve\u0219te pentru pozi\u021bionarea accesoriilor \u00een acvarii. Diametrul ventuzei 37 mm. Modalit\u0103\u021bile de utilizare Posibilitatea de a fixa diverse obiecte decorative pe fundul acvariului. Fixarea diverselor obiecte folosite la decorarea [&hellip;]<\/p>\n","protected":false},"featured_media":8467,"template":"","meta":[],"product_brand":[],"product_cat":[306,61,307],"product_tag":[314,313,312],"class_list":{"0":"post-3573","1":"product","2":"type-product","3":"status-publish","4":"has-post-thumbnail","6":"product_cat-accesorii-acvarii","7":"product_cat-acvaristica","8":"product_cat-robinete-si-ventuze","9":"product_tag-intretinere-acvarii","10":"product_tag-ventuza-acvarii","11":"product_tag-ventuze-acvariu","13":"first","14":"instock","15":"shipping-taxable","16":"purchasable","17":"product-type-simple"},"_links":{"self":[{"href":"https:\/\/faberpet.ro\/stage\/wp-json\/wp\/v2\/product\/3573","targetHints":{"allow":["GET"]}}],"collection":[{"href":"https:\/\/faberpet.ro\/stage\/wp-json\/wp\/v2\/product"}],"about":[{"href":"https:\/\/faberpet.ro\/stage\/wp-json\/wp\/v2\/types\/product"}],"wp:featuredmedia":[{"embeddable":true,"href":"https:\/\/faberpet.ro\/stage\/wp-json\/wp\/v2\/media\/8467"}],"wp:attachment":[{"href":"https:\/\/faberpet.ro\/stage\/wp-json\/wp\/v2\/media?parent=3573"}],"wp:term":[{"taxonomy":"product_brand","embeddable":true,"href":"https:\/\/faberpet.ro\/stage\/wp-json\/wp\/v2\/product_brand?post=3573"},{"taxonomy":"product_cat","embeddable":true,"href":"https:\/\/faberpet.ro\/stage\/wp-json\/wp\/v2\/product_cat?post=3573"},{"taxonomy":"product_tag","embeddable":true,"href":"https:\/\/faberpet.ro\/stage\/wp-json\/wp\/v2\/product_tag?post=3573"}],"curies":[{"name":"wp","href":"https:\/\/api.w.org\/{rel}","templated":true}]}}