{"id":3574,"date":"2024-10-21T20:30:40","date_gmt":"2024-10-21T17:30:40","guid":{"rendered":"https:\/\/faberpet.ro\/stage\/produs\/ventuza-verde-cu-gaura-28-mm\/"},"modified":"2025-08-01T07:54:07","modified_gmt":"2025-08-01T05:54:07","slug":"ventuza-verde-cu-gaura-28-mm","status":"publish","type":"product","link":"https:\/\/faberpet.ro\/stage\/produs\/ventuza-verde-cu-gaura-28-mm\/","title":{"rendered":"Ventuza verde cu gaura 28 mm"},"content":{"rendered":"<p>Ventuz\u0103 transparent cu doua g\u0103uri Ventuza furtun aer acvariu confec\u021bionat\u0103 din cauciuc siliconic moale transparent. Partea superioar\u0103 cilindric\u0103 cu o gaur\u0103 de 4 mm. Diametrul ventuzei 28 mm. Modalit\u0103\u021bile de utilizare Posibilitatea de a fixa diverse obiecte decorative pe fundul acvariului. Fixarea diverselor obiecte folosite la decorarea acvariilor. Se poate utiliza \u0219i pentru dirijarea sau fixarea cablurilor electrice din acvariu. Se vinde ambalat c\u00e2te 10 buc\/set! Pre\u021bul afi\u0219at este per buc!<\/p>\n","protected":false},"excerpt":{"rendered":"<p>Ventuz\u0103 transparent cu doua g\u0103uri Ventuza furtun aer acvariu confec\u021bionat\u0103 din cauciuc siliconic moale transparent. Partea superioar\u0103 cilindric\u0103 cu o gaur\u0103 de 4 mm. Diametrul ventuzei 28 mm. Modalit\u0103\u021bile de utilizare Posibilitatea de a fixa diverse obiecte decorative pe fundul acvariului. Fixarea diverselor obiecte folosite la decorarea acvariilor. Se poate utiliza \u0219i pentru dirijarea sau [&hellip;]<\/p>\n","protected":false},"featured_media":8468,"template":"","meta":[],"product_brand":[],"product_cat":[306,61,307],"product_tag":[314,313,312],"class_list":{"0":"post-3574","1":"product","2":"type-product","3":"status-publish","4":"has-post-thumbnail","6":"product_cat-accesorii-acvarii","7":"product_cat-acvaristica","8":"product_cat-robinete-si-ventuze","9":"product_tag-intretinere-acvarii","10":"product_tag-ventuza-acvarii","11":"product_tag-ventuze-acvariu","13":"first","14":"instock","15":"shipping-taxable","16":"purchasable","17":"product-type-simple"},"_links":{"self":[{"href":"https:\/\/faberpet.ro\/stage\/wp-json\/wp\/v2\/product\/3574","targetHints":{"allow":["GET"]}}],"collection":[{"href":"https:\/\/faberpet.ro\/stage\/wp-json\/wp\/v2\/product"}],"about":[{"href":"https:\/\/faberpet.ro\/stage\/wp-json\/wp\/v2\/types\/product"}],"wp:featuredmedia":[{"embeddable":true,"href":"https:\/\/faberpet.ro\/stage\/wp-json\/wp\/v2\/media\/8468"}],"wp:attachment":[{"href":"https:\/\/faberpet.ro\/stage\/wp-json\/wp\/v2\/media?parent=3574"}],"wp:term":[{"taxonomy":"product_brand","embeddable":true,"href":"https:\/\/faberpet.ro\/stage\/wp-json\/wp\/v2\/product_brand?post=3574"},{"taxonomy":"product_cat","embeddable":true,"href":"https:\/\/faberpet.ro\/stage\/wp-json\/wp\/v2\/product_cat?post=3574"},{"taxonomy":"product_tag","embeddable":true,"href":"https:\/\/faberpet.ro\/stage\/wp-json\/wp\/v2\/product_tag?post=3574"}],"curies":[{"name":"wp","href":"https:\/\/api.w.org\/{rel}","templated":true}]}}