{"id":3577,"date":"2024-10-21T20:30:40","date_gmt":"2024-10-21T17:30:40","guid":{"rendered":"https:\/\/faberpet.ro\/stage\/produs\/ventuza-eheim-neagra-cu-clema-30-mm\/"},"modified":"2025-08-01T07:54:43","modified_gmt":"2025-08-01T05:54:43","slug":"ventuza-eheim-neagra-cu-clema-30-mm","status":"publish","type":"product","link":"https:\/\/faberpet.ro\/stage\/produs\/ventuza-eheim-neagra-cu-clema-30-mm\/","title":{"rendered":"Ventuza Eheim neagra cu clema 30 mm"},"content":{"rendered":"<p>Clipul de sus\u021binere confec\u021bionat din material plastic rezistent. Pentru furtune de 30 mm sau \u021beav\u0103 de 30 mm. De bun\u0103 calitate. Diametrul clipului de plastic 30 mm. Diametrul ventuzei 30 mm. Se vinde ambalat c\u00e2te 10 buc\/set! Pre\u021bul afi\u0219at este per buc!<\/p>\n","protected":false},"excerpt":{"rendered":"<p>Clipul de sus\u021binere confec\u021bionat din material plastic rezistent. Pentru furtune de 30 mm sau \u021beav\u0103 de 30 mm. De bun\u0103 calitate. Diametrul clipului de plastic 30 mm. Diametrul ventuzei 30 mm. Se vinde ambalat c\u00e2te 10 buc\/set! Pre\u021bul afi\u0219at este per buc!<\/p>\n","protected":false},"featured_media":8471,"template":"","meta":[],"product_brand":[],"product_cat":[306,61,307],"product_tag":[308,311,312],"class_list":{"0":"post-3577","1":"product","2":"type-product","3":"status-publish","4":"has-post-thumbnail","6":"product_cat-accesorii-acvarii","7":"product_cat-acvaristica","8":"product_cat-robinete-si-ventuze","9":"product_tag-ventuza-pentru-acvariu","10":"product_tag-ventuza-transparent","11":"product_tag-ventuze-acvariu","13":"first","14":"instock","15":"shipping-taxable","16":"purchasable","17":"product-type-simple"},"_links":{"self":[{"href":"https:\/\/faberpet.ro\/stage\/wp-json\/wp\/v2\/product\/3577","targetHints":{"allow":["GET"]}}],"collection":[{"href":"https:\/\/faberpet.ro\/stage\/wp-json\/wp\/v2\/product"}],"about":[{"href":"https:\/\/faberpet.ro\/stage\/wp-json\/wp\/v2\/types\/product"}],"wp:featuredmedia":[{"embeddable":true,"href":"https:\/\/faberpet.ro\/stage\/wp-json\/wp\/v2\/media\/8471"}],"wp:attachment":[{"href":"https:\/\/faberpet.ro\/stage\/wp-json\/wp\/v2\/media?parent=3577"}],"wp:term":[{"taxonomy":"product_brand","embeddable":true,"href":"https:\/\/faberpet.ro\/stage\/wp-json\/wp\/v2\/product_brand?post=3577"},{"taxonomy":"product_cat","embeddable":true,"href":"https:\/\/faberpet.ro\/stage\/wp-json\/wp\/v2\/product_cat?post=3577"},{"taxonomy":"product_tag","embeddable":true,"href":"https:\/\/faberpet.ro\/stage\/wp-json\/wp\/v2\/product_tag?post=3577"}],"curies":[{"name":"wp","href":"https:\/\/api.w.org\/{rel}","templated":true}]}}