{"id":3579,"date":"2024-10-21T20:30:40","date_gmt":"2024-10-21T17:30:40","guid":{"rendered":"https:\/\/faberpet.ro\/stage\/produs\/distribuitor-teu-aer-verde-pentru-acvariu\/"},"modified":"2025-08-01T07:55:00","modified_gmt":"2025-08-01T05:55:00","slug":"distribuitor-teu-aer-verde-pentru-acvariu","status":"publish","type":"product","link":"https:\/\/faberpet.ro\/stage\/produs\/distribuitor-teu-aer-verde-pentru-acvariu\/","title":{"rendered":"Distribuitor teu aer verde pentru acvariu"},"content":{"rendered":"<p>Teu aer acvariu ce regleaz\u0103 \u00een mod egal debitul de aer administrat \u00een acvariu la cele 2 obiective. Pentru furtun de aer cu diametrul de 3, 4 mm. Se vinde ambalat c\u00e2te 10 buc\/set! Pre\u021bul afi\u0219at este per buc!<\/p>\n","protected":false},"excerpt":{"rendered":"<p>Teu aer acvariu ce regleaz\u0103 \u00een mod egal debitul de aer administrat \u00een acvariu la cele 2 obiective. Pentru furtun de aer cu diametrul de 3, 4 mm. Se vinde ambalat c\u00e2te 10 buc\/set! Pre\u021bul afi\u0219at este per buc!<\/p>\n","protected":false},"featured_media":8473,"template":"","meta":[],"product_brand":[],"product_cat":[306,61,307],"product_tag":[320,319,318],"class_list":{"0":"post-3579","1":"product","2":"type-product","3":"status-publish","4":"has-post-thumbnail","6":"product_cat-accesorii-acvarii","7":"product_cat-acvaristica","8":"product_cat-robinete-si-ventuze","9":"product_tag-aerator-acvariu","10":"product_tag-distribuitor-aer-acvariu","11":"product_tag-distribuitor-teu-acvarii","13":"first","14":"instock","15":"shipping-taxable","16":"purchasable","17":"product-type-simple"},"_links":{"self":[{"href":"https:\/\/faberpet.ro\/stage\/wp-json\/wp\/v2\/product\/3579","targetHints":{"allow":["GET"]}}],"collection":[{"href":"https:\/\/faberpet.ro\/stage\/wp-json\/wp\/v2\/product"}],"about":[{"href":"https:\/\/faberpet.ro\/stage\/wp-json\/wp\/v2\/types\/product"}],"wp:featuredmedia":[{"embeddable":true,"href":"https:\/\/faberpet.ro\/stage\/wp-json\/wp\/v2\/media\/8473"}],"wp:attachment":[{"href":"https:\/\/faberpet.ro\/stage\/wp-json\/wp\/v2\/media?parent=3579"}],"wp:term":[{"taxonomy":"product_brand","embeddable":true,"href":"https:\/\/faberpet.ro\/stage\/wp-json\/wp\/v2\/product_brand?post=3579"},{"taxonomy":"product_cat","embeddable":true,"href":"https:\/\/faberpet.ro\/stage\/wp-json\/wp\/v2\/product_cat?post=3579"},{"taxonomy":"product_tag","embeddable":true,"href":"https:\/\/faberpet.ro\/stage\/wp-json\/wp\/v2\/product_tag?post=3579"}],"curies":[{"name":"wp","href":"https:\/\/api.w.org\/{rel}","templated":true}]}}