{"id":3580,"date":"2024-10-21T20:30:40","date_gmt":"2024-10-21T17:30:40","guid":{"rendered":"https:\/\/faberpet.ro\/stage\/produs\/regulator-aer-acvariu-pentru-furtun-4-mm\/"},"modified":"2025-08-01T07:55:09","modified_gmt":"2025-08-01T05:55:09","slug":"regulator-aer-acvariu-pentru-furtun-4-mm","status":"publish","type":"product","link":"https:\/\/faberpet.ro\/stage\/produs\/regulator-aer-acvariu-pentru-furtun-4-mm\/","title":{"rendered":"Regulator aer acvariu pentru furtun 4 mm"},"content":{"rendered":"<p>Regleaz\u0103 debitul de aer. Robinet aer acvariu ce se \u00eensereaz\u0103 pe furtunul de aer. Pentru furtun de aer cu diametrul de 3, 4 sau 5 mm. Faciliteaz\u0103 distribuirea aerului la 1 obiectiv. Recomandat pentru pompele de aer f\u0103r\u0103 reglaj de debit sau la reglarea debitului de aer la orice obiectiv din acvariu ce func\u021bioneaz\u0103 cu admisie de aer. Se vinde ambalat c\u00e2te 10 buc\/set! Pre\u021bul afi\u0219at este per buc!<\/p>\n","protected":false},"excerpt":{"rendered":"<p>Regleaz\u0103 debitul de aer. Robinet aer acvariu ce se \u00eensereaz\u0103 pe furtunul de aer. Pentru furtun de aer cu diametrul de 3, 4 sau 5 mm. Faciliteaz\u0103 distribuirea aerului la 1 obiectiv. Recomandat pentru pompele de aer f\u0103r\u0103 reglaj de debit sau la reglarea debitului de aer la orice obiectiv din acvariu ce func\u021bioneaz\u0103 cu [&hellip;]<\/p>\n","protected":false},"featured_media":8474,"template":"","meta":[],"product_brand":[],"product_cat":[306,61,307],"product_tag":[323,321,322],"class_list":{"0":"post-3580","1":"product","2":"type-product","3":"status-publish","4":"has-post-thumbnail","6":"product_cat-accesorii-acvarii","7":"product_cat-acvaristica","8":"product_cat-robinete-si-ventuze","9":"product_tag-regulator-aer","10":"product_tag-regulator-aer-furtun","11":"product_tag-regulator-furtun-acvariu","13":"first","14":"instock","15":"shipping-taxable","16":"purchasable","17":"product-type-simple"},"_links":{"self":[{"href":"https:\/\/faberpet.ro\/stage\/wp-json\/wp\/v2\/product\/3580","targetHints":{"allow":["GET"]}}],"collection":[{"href":"https:\/\/faberpet.ro\/stage\/wp-json\/wp\/v2\/product"}],"about":[{"href":"https:\/\/faberpet.ro\/stage\/wp-json\/wp\/v2\/types\/product"}],"wp:featuredmedia":[{"embeddable":true,"href":"https:\/\/faberpet.ro\/stage\/wp-json\/wp\/v2\/media\/8474"}],"wp:attachment":[{"href":"https:\/\/faberpet.ro\/stage\/wp-json\/wp\/v2\/media?parent=3580"}],"wp:term":[{"taxonomy":"product_brand","embeddable":true,"href":"https:\/\/faberpet.ro\/stage\/wp-json\/wp\/v2\/product_brand?post=3580"},{"taxonomy":"product_cat","embeddable":true,"href":"https:\/\/faberpet.ro\/stage\/wp-json\/wp\/v2\/product_cat?post=3580"},{"taxonomy":"product_tag","embeddable":true,"href":"https:\/\/faberpet.ro\/stage\/wp-json\/wp\/v2\/product_tag?post=3580"}],"curies":[{"name":"wp","href":"https:\/\/api.w.org\/{rel}","templated":true}]}}