{"id":3584,"date":"2024-10-21T20:30:41","date_gmt":"2024-10-21T17:30:41","guid":{"rendered":"https:\/\/faberpet.ro\/stage\/produs\/distribuitor-aer-teu-si-robinet-plastic-pentru-acvariu\/"},"modified":"2025-08-01T07:56:05","modified_gmt":"2025-08-01T05:56:05","slug":"distribuitor-aer-teu-si-robinet-plastic-pentru-acvariu","status":"publish","type":"product","link":"https:\/\/faberpet.ro\/stage\/produs\/distribuitor-aer-teu-si-robinet-plastic-pentru-acvariu\/","title":{"rendered":"Distribuitor aer teu si robinet plastic pentru acvariu"},"content":{"rendered":"<p>Faciliteaz\u0103 distribuirea aerului la 2 obiective. Teu aer acvariu ce regleaz\u0103 \u00een mod egal debitul de aer administrat \u00een acvariu la cele 2 obiective. Recomandat pentru pompele de aer f\u0103r\u0103 reglaj de debit sau la reglarea debitului de aer la orice obiectiv din acvariu ce func\u021bioneaz\u0103 cu admisie de aer. Acest teu acvariu se folose\u0219te inserat pe traiectul furtunului de aer. Pentru furtun de aer cu diametrul de 3, 4 sau 5 mm. Se vinde ambalat c\u00e2te 10 buc\/set! Pre\u021bul afi\u0219at este per buc!<\/p>\n","protected":false},"excerpt":{"rendered":"<p>Faciliteaz\u0103 distribuirea aerului la 2 obiective. Teu aer acvariu ce regleaz\u0103 \u00een mod egal debitul de aer administrat \u00een acvariu la cele 2 obiective. Recomandat pentru pompele de aer f\u0103r\u0103 reglaj de debit sau la reglarea debitului de aer la orice obiectiv din acvariu ce func\u021bioneaz\u0103 cu admisie de aer. Acest teu acvariu se folose\u0219te [&hellip;]<\/p>\n","protected":false},"featured_media":8478,"template":"","meta":[],"product_brand":[],"product_cat":[306,61,307],"product_tag":[327,328,329],"class_list":{"0":"post-3584","1":"product","2":"type-product","3":"status-publish","4":"has-post-thumbnail","6":"product_cat-accesorii-acvarii","7":"product_cat-acvaristica","8":"product_cat-robinete-si-ventuze","9":"product_tag-distribuitor-aer-teu","10":"product_tag-distribuitor-cu-robinet","11":"product_tag-robinet-aer-plastic","13":"first","14":"instock","15":"shipping-taxable","16":"purchasable","17":"product-type-simple"},"_links":{"self":[{"href":"https:\/\/faberpet.ro\/stage\/wp-json\/wp\/v2\/product\/3584","targetHints":{"allow":["GET"]}}],"collection":[{"href":"https:\/\/faberpet.ro\/stage\/wp-json\/wp\/v2\/product"}],"about":[{"href":"https:\/\/faberpet.ro\/stage\/wp-json\/wp\/v2\/types\/product"}],"wp:featuredmedia":[{"embeddable":true,"href":"https:\/\/faberpet.ro\/stage\/wp-json\/wp\/v2\/media\/8478"}],"wp:attachment":[{"href":"https:\/\/faberpet.ro\/stage\/wp-json\/wp\/v2\/media?parent=3584"}],"wp:term":[{"taxonomy":"product_brand","embeddable":true,"href":"https:\/\/faberpet.ro\/stage\/wp-json\/wp\/v2\/product_brand?post=3584"},{"taxonomy":"product_cat","embeddable":true,"href":"https:\/\/faberpet.ro\/stage\/wp-json\/wp\/v2\/product_cat?post=3584"},{"taxonomy":"product_tag","embeddable":true,"href":"https:\/\/faberpet.ro\/stage\/wp-json\/wp\/v2\/product_tag?post=3584"}],"curies":[{"name":"wp","href":"https:\/\/api.w.org\/{rel}","templated":true}]}}