{"id":3586,"date":"2024-10-21T20:30:41","date_gmt":"2024-10-21T17:30:41","guid":{"rendered":"https:\/\/faberpet.ro\/stage\/produs\/robinet-aer-metalic-4-mm-cu-2-iesiri\/"},"modified":"2025-08-01T07:56:23","modified_gmt":"2025-08-01T05:56:23","slug":"robinet-aer-metalic-4-mm-cu-2-iesiri","status":"publish","type":"product","link":"https:\/\/faberpet.ro\/stage\/produs\/robinet-aer-metalic-4-mm-cu-2-iesiri\/","title":{"rendered":"Regulator aer metalic 4 mm 10\/set"},"content":{"rendered":"<p>Aceasta supap\u0103 de aer cu un singur cap este utilizat\u0103 pentru distribu\u021bia aerului, cum ar fi pompele de aer. Reglarea debitului de aer al pompei de aer, u\u0219or de utilizat. Potrivit pentru acvariu. Dac\u0103 presiunea excesiv\u0103 este permis\u0103 pentru a ajunge la pompa de aer pentru perioade lungi de timp, aceast\u0103 presiune poate provoca defectarea diafragmei pompei. Nu corodeaz\u0103 \u00een timp \u0219i asigur\u0103 un reglaj fin ce nu se modific\u0103 \u00een timp. Diametrul intrare- ie\u0219ire: 4 mm.<\/p>\n<p>Se vinde ambalat c\u00e2te 10 buc\/set!<\/p>\n<p>Pre\u021bul afi\u0219at este per buc!<\/p>\n","protected":false},"excerpt":{"rendered":"<p>Aceasta supap\u0103 de aer cu un singur cap este utilizat\u0103 pentru distribu\u021bia aerului, cum ar fi pompele de aer. Reglarea debitului de aer al pompei de aer, u\u0219or de utilizat. Potrivit pentru acvariu. Dac\u0103 presiunea excesiv\u0103 este permis\u0103 pentru a ajunge la pompa de aer pentru perioade lungi de timp, aceast\u0103 presiune poate provoca defectarea [&hellip;]<\/p>\n","protected":false},"featured_media":8480,"template":"","meta":[],"product_brand":[],"product_cat":[306,61,307],"product_tag":[332,330,331],"class_list":{"0":"post-3586","1":"product","2":"type-product","3":"status-publish","4":"has-post-thumbnail","6":"product_cat-accesorii-acvarii","7":"product_cat-acvaristica","8":"product_cat-robinete-si-ventuze","9":"product_tag-aer-pentru-acvariu","10":"product_tag-robinet-aer-acvariu","11":"product_tag-robinete-aer-acvariu","13":"first","14":"instock","15":"shipping-taxable","16":"purchasable","17":"product-type-simple"},"_links":{"self":[{"href":"https:\/\/faberpet.ro\/stage\/wp-json\/wp\/v2\/product\/3586","targetHints":{"allow":["GET"]}}],"collection":[{"href":"https:\/\/faberpet.ro\/stage\/wp-json\/wp\/v2\/product"}],"about":[{"href":"https:\/\/faberpet.ro\/stage\/wp-json\/wp\/v2\/types\/product"}],"wp:featuredmedia":[{"embeddable":true,"href":"https:\/\/faberpet.ro\/stage\/wp-json\/wp\/v2\/media\/8480"}],"wp:attachment":[{"href":"https:\/\/faberpet.ro\/stage\/wp-json\/wp\/v2\/media?parent=3586"}],"wp:term":[{"taxonomy":"product_brand","embeddable":true,"href":"https:\/\/faberpet.ro\/stage\/wp-json\/wp\/v2\/product_brand?post=3586"},{"taxonomy":"product_cat","embeddable":true,"href":"https:\/\/faberpet.ro\/stage\/wp-json\/wp\/v2\/product_cat?post=3586"},{"taxonomy":"product_tag","embeddable":true,"href":"https:\/\/faberpet.ro\/stage\/wp-json\/wp\/v2\/product_tag?post=3586"}],"curies":[{"name":"wp","href":"https:\/\/api.w.org\/{rel}","templated":true}]}}