{"id":3589,"date":"2024-10-21T20:30:41","date_gmt":"2024-10-21T17:30:41","guid":{"rendered":"https:\/\/faberpet.ro\/stage\/produs\/distribuitor-aer-plastic-cu-2-reglaje-pentru-acvariu\/"},"modified":"2025-08-13T10:19:44","modified_gmt":"2025-08-13T08:19:44","slug":"distribuitor-aer-plastic-cu-2-reglaje-pentru-acvariu","status":"publish","type":"product","link":"https:\/\/faberpet.ro\/stage\/produs\/distribuitor-aer-plastic-cu-2-reglaje-pentru-acvariu\/","title":{"rendered":"Distribuitor aer plastic cu 2 reglaje pentru acvariu"},"content":{"rendered":"<p>Capabil s\u0103 \u00eendeplineasc\u0103 2 func\u021bii de baz\u0103: robinetul de aer plastic permite ajustarea fluxului de aer individual pe fiecare ie\u0219ire. Dac\u0103 presiunea excesiv\u0103 este permis\u0103 pentru a ajunge la pompa de aer pentru perioade lungi de timp, aceast\u0103 presiune poate provoca defectarea diafragmei pompei. Faciliteaz\u0103 distribuirea aerului la 2 obiective. Diametrul intern intrare furtun principal: 4 mm. Diametrul celor 2 ie\u0219iri: 4 mm. Se vinde ambalat c\u00e2te 10 buc\/set! Pre\u021bul afi\u0219at este per buc!<\/p>\n","protected":false},"excerpt":{"rendered":"<p>Capabil s\u0103 \u00eendeplineasc\u0103 2 func\u021bii de baz\u0103: robinetul de aer plastic permite ajustarea fluxului de aer individual pe fiecare ie\u0219ire. Dac\u0103 presiunea excesiv\u0103 este permis\u0103 pentru a ajunge la pompa de aer pentru perioade lungi de timp, aceast\u0103 presiune poate provoca defectarea diafragmei pompei. Faciliteaz\u0103 distribuirea aerului la 2 obiective. Diametrul intern intrare furtun principal: [&hellip;]<\/p>\n","protected":false},"featured_media":8484,"template":"","meta":[],"product_brand":[],"product_cat":[306,61,307],"product_tag":[337,336,338],"class_list":{"0":"post-3589","1":"product","2":"type-product","3":"status-publish","4":"has-post-thumbnail","6":"product_cat-accesorii-acvarii","7":"product_cat-acvaristica","8":"product_cat-robinete-si-ventuze","9":"product_tag-distribuitor-aer-reglaje","10":"product_tag-reglaje-aer-acvariu","11":"product_tag-robineti-reglaje-acvarii","13":"first","14":"instock","15":"shipping-taxable","16":"purchasable","17":"product-type-simple"},"_links":{"self":[{"href":"https:\/\/faberpet.ro\/stage\/wp-json\/wp\/v2\/product\/3589","targetHints":{"allow":["GET"]}}],"collection":[{"href":"https:\/\/faberpet.ro\/stage\/wp-json\/wp\/v2\/product"}],"about":[{"href":"https:\/\/faberpet.ro\/stage\/wp-json\/wp\/v2\/types\/product"}],"wp:featuredmedia":[{"embeddable":true,"href":"https:\/\/faberpet.ro\/stage\/wp-json\/wp\/v2\/media\/8484"}],"wp:attachment":[{"href":"https:\/\/faberpet.ro\/stage\/wp-json\/wp\/v2\/media?parent=3589"}],"wp:term":[{"taxonomy":"product_brand","embeddable":true,"href":"https:\/\/faberpet.ro\/stage\/wp-json\/wp\/v2\/product_brand?post=3589"},{"taxonomy":"product_cat","embeddable":true,"href":"https:\/\/faberpet.ro\/stage\/wp-json\/wp\/v2\/product_cat?post=3589"},{"taxonomy":"product_tag","embeddable":true,"href":"https:\/\/faberpet.ro\/stage\/wp-json\/wp\/v2\/product_tag?post=3589"}],"curies":[{"name":"wp","href":"https:\/\/api.w.org\/{rel}","templated":true}]}}