{"id":3592,"date":"2024-10-21T20:30:42","date_gmt":"2024-10-21T17:30:42","guid":{"rendered":"https:\/\/faberpet.ro\/stage\/produs\/supapa-de-directie-unisens-pentru-acvariu\/"},"modified":"2025-08-01T07:59:35","modified_gmt":"2025-08-01T05:59:35","slug":"supapa-de-directie-unisens-pentru-acvariu","status":"publish","type":"product","link":"https:\/\/faberpet.ro\/stage\/produs\/supapa-de-directie-unisens-pentru-acvariu\/","title":{"rendered":"Supapa de directie unisens 10\/set"},"content":{"rendered":"<p>Valv\u0103 de unisens ce se insereaz\u0103 pe traiectul furtunului de aer \u0219i face ca apa s\u0103 nu revin\u0103 \u00eenapoi pe furtun. Se poate utiliza inclusiv supapa pentru instala\u021biile de CO2. Supap\u0103 de aer indispensabil\u0103 oric\u0103rui acvariu. Evit\u0103 deteriorarea pompelor de aer \u0219i a instala\u021biilor de CO2 care sunt plasate sub nivelul apei din acvariu. Re\u021bine \u0219i \u00eempiedic\u0103 scurgerea apei pe furtun. Diametrul capetelor este de 4 mm. Se vinde ambalat c\u00e2te 10 buc\/set! Pre\u021bul afi\u0219at este per buc!<\/p>\n","protected":false},"excerpt":{"rendered":"<p>Valv\u0103 de unisens ce se insereaz\u0103 pe traiectul furtunului de aer \u0219i face ca apa s\u0103 nu revin\u0103 \u00eenapoi pe furtun. Se poate utiliza inclusiv supapa pentru instala\u021biile de CO2. Supap\u0103 de aer indispensabil\u0103 oric\u0103rui acvariu. Evit\u0103 deteriorarea pompelor de aer \u0219i a instala\u021biilor de CO2 care sunt plasate sub nivelul apei din acvariu. Re\u021bine [&hellip;]<\/p>\n","protected":false},"featured_media":8487,"template":"","meta":[],"product_brand":[],"product_cat":[306,61,307],"product_tag":[344,345,346],"class_list":{"0":"post-3592","1":"product","2":"type-product","3":"status-publish","4":"has-post-thumbnail","6":"product_cat-accesorii-acvarii","7":"product_cat-acvaristica","8":"product_cat-robinete-si-ventuze","9":"product_tag-accesoriu-acvaristic","10":"product_tag-supapa-acvariu","11":"product_tag-supapa-transparent","13":"first","14":"instock","15":"shipping-taxable","16":"purchasable","17":"product-type-simple"},"_links":{"self":[{"href":"https:\/\/faberpet.ro\/stage\/wp-json\/wp\/v2\/product\/3592","targetHints":{"allow":["GET"]}}],"collection":[{"href":"https:\/\/faberpet.ro\/stage\/wp-json\/wp\/v2\/product"}],"about":[{"href":"https:\/\/faberpet.ro\/stage\/wp-json\/wp\/v2\/types\/product"}],"wp:featuredmedia":[{"embeddable":true,"href":"https:\/\/faberpet.ro\/stage\/wp-json\/wp\/v2\/media\/8487"}],"wp:attachment":[{"href":"https:\/\/faberpet.ro\/stage\/wp-json\/wp\/v2\/media?parent=3592"}],"wp:term":[{"taxonomy":"product_brand","embeddable":true,"href":"https:\/\/faberpet.ro\/stage\/wp-json\/wp\/v2\/product_brand?post=3592"},{"taxonomy":"product_cat","embeddable":true,"href":"https:\/\/faberpet.ro\/stage\/wp-json\/wp\/v2\/product_cat?post=3592"},{"taxonomy":"product_tag","embeddable":true,"href":"https:\/\/faberpet.ro\/stage\/wp-json\/wp\/v2\/product_tag?post=3592"}],"curies":[{"name":"wp","href":"https:\/\/api.w.org\/{rel}","templated":true}]}}