{"id":3601,"date":"2024-10-21T20:30:43","date_gmt":"2024-10-21T17:30:43","guid":{"rendered":"https:\/\/faberpet.ro\/stage\/produs\/pulverizator-aer-cilindric-reglabil-15x30-mm\/"},"modified":"2025-08-01T08:03:09","modified_gmt":"2025-08-01T06:03:09","slug":"pulverizator-aer-cilindric-reglabil-15x30-mm","status":"publish","type":"product","link":"https:\/\/faberpet.ro\/stage\/produs\/pulverizator-aer-cilindric-reglabil-15x30-mm\/","title":{"rendered":"Pulverizator aer cilindric reglabil 15&#215;30 mm"},"content":{"rendered":"<p>Oxigenarea apei \u00een acvariu se realizeaz\u0103 mult mai u\u0219or cu aceste pietre de aer. Piatra fabricat\u0103 din plastic pentru bule de aer fine. Se conecteaz\u0103 la pomp\u0103 de aer sau compresor. Intrare: 4 mm. Parametrii pietrei de aer: 15&#215;30 mm;Se vinde ambalat c\u00e2te 4 buc\/set! Pre\u021bul afi\u0219at este per buc!<\/p>\n","protected":false},"excerpt":{"rendered":"<p>Oxigenarea apei \u00een acvariu se realizeaz\u0103 mult mai u\u0219or cu aceste pietre de aer. Piatra fabricat\u0103 din plastic pentru bule de aer fine. Se conecteaz\u0103 la pomp\u0103 de aer sau compresor. Intrare: 4 mm. Parametrii pietrei de aer: 15&#215;30 mm;Se vinde ambalat c\u00e2te 4 buc\/set! Pre\u021bul afi\u0219at este per buc!<\/p>\n","protected":false},"featured_media":8496,"template":"","meta":[],"product_brand":[],"product_cat":[306,61,350],"product_tag":[364,366,365],"class_list":{"0":"post-3601","1":"product","2":"type-product","3":"status-publish","4":"has-post-thumbnail","6":"product_cat-accesorii-acvarii","7":"product_cat-acvaristica","8":"product_cat-furtunuri-si-pietre-de-aer","9":"product_tag-piatra-aer","10":"product_tag-pietre-cilindrica","11":"product_tag-pulverizator-aer","13":"first","14":"instock","15":"shipping-taxable","16":"purchasable","17":"product-type-simple"},"_links":{"self":[{"href":"https:\/\/faberpet.ro\/stage\/wp-json\/wp\/v2\/product\/3601","targetHints":{"allow":["GET"]}}],"collection":[{"href":"https:\/\/faberpet.ro\/stage\/wp-json\/wp\/v2\/product"}],"about":[{"href":"https:\/\/faberpet.ro\/stage\/wp-json\/wp\/v2\/types\/product"}],"wp:featuredmedia":[{"embeddable":true,"href":"https:\/\/faberpet.ro\/stage\/wp-json\/wp\/v2\/media\/8496"}],"wp:attachment":[{"href":"https:\/\/faberpet.ro\/stage\/wp-json\/wp\/v2\/media?parent=3601"}],"wp:term":[{"taxonomy":"product_brand","embeddable":true,"href":"https:\/\/faberpet.ro\/stage\/wp-json\/wp\/v2\/product_brand?post=3601"},{"taxonomy":"product_cat","embeddable":true,"href":"https:\/\/faberpet.ro\/stage\/wp-json\/wp\/v2\/product_cat?post=3601"},{"taxonomy":"product_tag","embeddable":true,"href":"https:\/\/faberpet.ro\/stage\/wp-json\/wp\/v2\/product_tag?post=3601"}],"curies":[{"name":"wp","href":"https:\/\/api.w.org\/{rel}","templated":true}]}}