{"id":3605,"date":"2024-10-21T20:30:44","date_gmt":"2024-10-21T17:30:44","guid":{"rendered":"https:\/\/faberpet.ro\/stage\/produs\/pulverizator-aer-cilindric-reglabil-45x65-mm\/"},"modified":"2025-08-01T08:04:12","modified_gmt":"2025-08-01T06:04:12","slug":"pulverizator-aer-cilindric-reglabil-45x65-mm","status":"publish","type":"product","link":"https:\/\/faberpet.ro\/stage\/produs\/pulverizator-aer-cilindric-reglabil-45x65-mm\/","title":{"rendered":"Pulverizator aer cilindric reglabil 45&#215;65 mm"},"content":{"rendered":"<p>Oxigenarea apei \u00een acvariu se realizeaz\u0103 mult mai u\u0219or cu aceste pietre de aer. Piatra fabricat\u0103 din plastic pentru bule de aer fine. Se conecteaz\u0103 la pomp\u0103 de aer sau compresor. Intrare: 4 mm. Parametrii pietrei de aer: 45&#215;65 mm.<\/p>\n","protected":false},"excerpt":{"rendered":"<p>Oxigenarea apei \u00een acvariu se realizeaz\u0103 mult mai u\u0219or cu aceste pietre de aer. Piatra fabricat\u0103 din plastic pentru bule de aer fine. Se conecteaz\u0103 la pomp\u0103 de aer sau compresor. Intrare: 4 mm. Parametrii pietrei de aer: 45&#215;65 mm.<\/p>\n","protected":false},"featured_media":8500,"template":"","meta":[],"product_brand":[],"product_cat":[306,61,350],"product_tag":[364,366,365],"class_list":{"0":"post-3605","1":"product","2":"type-product","3":"status-publish","4":"has-post-thumbnail","6":"product_cat-accesorii-acvarii","7":"product_cat-acvaristica","8":"product_cat-furtunuri-si-pietre-de-aer","9":"product_tag-piatra-aer","10":"product_tag-pietre-cilindrica","11":"product_tag-pulverizator-aer","13":"first","14":"instock","15":"shipping-taxable","16":"purchasable","17":"product-type-simple"},"_links":{"self":[{"href":"https:\/\/faberpet.ro\/stage\/wp-json\/wp\/v2\/product\/3605","targetHints":{"allow":["GET"]}}],"collection":[{"href":"https:\/\/faberpet.ro\/stage\/wp-json\/wp\/v2\/product"}],"about":[{"href":"https:\/\/faberpet.ro\/stage\/wp-json\/wp\/v2\/types\/product"}],"wp:featuredmedia":[{"embeddable":true,"href":"https:\/\/faberpet.ro\/stage\/wp-json\/wp\/v2\/media\/8500"}],"wp:attachment":[{"href":"https:\/\/faberpet.ro\/stage\/wp-json\/wp\/v2\/media?parent=3605"}],"wp:term":[{"taxonomy":"product_brand","embeddable":true,"href":"https:\/\/faberpet.ro\/stage\/wp-json\/wp\/v2\/product_brand?post=3605"},{"taxonomy":"product_cat","embeddable":true,"href":"https:\/\/faberpet.ro\/stage\/wp-json\/wp\/v2\/product_cat?post=3605"},{"taxonomy":"product_tag","embeddable":true,"href":"https:\/\/faberpet.ro\/stage\/wp-json\/wp\/v2\/product_tag?post=3605"}],"curies":[{"name":"wp","href":"https:\/\/api.w.org\/{rel}","templated":true}]}}