{"id":3607,"date":"2024-10-21T20:30:44","date_gmt":"2024-10-21T17:30:44","guid":{"rendered":"https:\/\/faberpet.ro\/stage\/produs\/piatra-aer-tip-bara-pentru-acvariu-15-cm\/"},"modified":"2025-08-01T08:04:49","modified_gmt":"2025-08-01T06:04:49","slug":"piatra-aer-tip-bara-pentru-acvariu-15-cm","status":"publish","type":"product","link":"https:\/\/faberpet.ro\/stage\/produs\/piatra-aer-tip-bara-pentru-acvariu-15-cm\/","title":{"rendered":"Piatra aer tip bara pentru acvariu 15 cm"},"content":{"rendered":"<p>Perdea de aer pentru acvariu de calitate cu difuzie de bule fine. Creeaz\u0103 o perdea de aer. Dimensiunea perdelei de aer este de 15 cm. Scheletul din material plastic face ca aceast\u0103 perdea de aer s\u0103 fie una solid\u0103 \u0219i f\u0103r\u0103 riscul de a se rupe u\u0219or la manipulare. Fabricat\u0103 din nisip cuar\u021bos cu pori extra fini pentru bule de aer fine. Se conecteaz\u0103 la pomp\u0103 de aer sau compresor prin intermediul unui furtun de aer. Intrare: 4 mm.<\/p>\n","protected":false},"excerpt":{"rendered":"<p>Perdea de aer pentru acvariu de calitate cu difuzie de bule fine. Creeaz\u0103 o perdea de aer. Dimensiunea perdelei de aer este de 15 cm. Scheletul din material plastic face ca aceast\u0103 perdea de aer s\u0103 fie una solid\u0103 \u0219i f\u0103r\u0103 riscul de a se rupe u\u0219or la manipulare. Fabricat\u0103 din nisip cuar\u021bos cu pori [&hellip;]<\/p>\n","protected":false},"featured_media":8502,"template":"","meta":[],"product_brand":[],"product_cat":[306,61,350],"product_tag":[372,371,370],"class_list":{"0":"post-3607","1":"product","2":"type-product","3":"status-publish","4":"has-post-thumbnail","6":"product_cat-accesorii-acvarii","7":"product_cat-acvaristica","8":"product_cat-furtunuri-si-pietre-de-aer","9":"product_tag-accesoriu-acvariu","10":"product_tag-piatra-bara-aer","11":"product_tag-pietre-aer-acvarii","13":"first","14":"instock","15":"shipping-taxable","16":"purchasable","17":"product-type-simple"},"_links":{"self":[{"href":"https:\/\/faberpet.ro\/stage\/wp-json\/wp\/v2\/product\/3607","targetHints":{"allow":["GET"]}}],"collection":[{"href":"https:\/\/faberpet.ro\/stage\/wp-json\/wp\/v2\/product"}],"about":[{"href":"https:\/\/faberpet.ro\/stage\/wp-json\/wp\/v2\/types\/product"}],"wp:featuredmedia":[{"embeddable":true,"href":"https:\/\/faberpet.ro\/stage\/wp-json\/wp\/v2\/media\/8502"}],"wp:attachment":[{"href":"https:\/\/faberpet.ro\/stage\/wp-json\/wp\/v2\/media?parent=3607"}],"wp:term":[{"taxonomy":"product_brand","embeddable":true,"href":"https:\/\/faberpet.ro\/stage\/wp-json\/wp\/v2\/product_brand?post=3607"},{"taxonomy":"product_cat","embeddable":true,"href":"https:\/\/faberpet.ro\/stage\/wp-json\/wp\/v2\/product_cat?post=3607"},{"taxonomy":"product_tag","embeddable":true,"href":"https:\/\/faberpet.ro\/stage\/wp-json\/wp\/v2\/product_tag?post=3607"}],"curies":[{"name":"wp","href":"https:\/\/api.w.org\/{rel}","templated":true}]}}