{"id":3612,"date":"2024-10-21T20:30:45","date_gmt":"2024-10-21T17:30:45","guid":{"rendered":"https:\/\/faberpet.ro\/stage\/produs\/termometru-baojie-pentru-acvariu-din-sticla\/"},"modified":"2025-08-01T08:07:00","modified_gmt":"2025-08-01T06:07:00","slug":"termometru-baojie-pentru-acvariu-din-sticla","status":"publish","type":"product","link":"https:\/\/faberpet.ro\/stage\/produs\/termometru-baojie-pentru-acvariu-din-sticla\/","title":{"rendered":"Termometru BAOJIE pentru acvariu din sticla"},"content":{"rendered":"<p>Monitorizarea temperaturii apei din acvariu este acum mult mai simpl\u0103 folosind acest tip de termometre cu alcool. Grada\u021bia este \u00een grade Celsius \u0219i este u\u0219or de citit. Se pozi\u021bioneaz\u0103 \u00een interiorul acvariului \u0219i se fixeaz\u0103 pe geam cu ventuza. Indic\u0103 temperaturi cuprinse \u00een intervalul 0 &#8211; 50 de grade Celsius. Lungime: 14, 5 cm.<\/p>\n","protected":false},"excerpt":{"rendered":"<p>Monitorizarea temperaturii apei din acvariu este acum mult mai simpl\u0103 folosind acest tip de termometre cu alcool. Grada\u021bia este \u00een grade Celsius \u0219i este u\u0219or de citit. Se pozi\u021bioneaz\u0103 \u00een interiorul acvariului \u0219i se fixeaz\u0103 pe geam cu ventuza. Indic\u0103 temperaturi cuprinse \u00een intervalul 0 &#8211; 50 de grade Celsius. Lungime: 14, 5 cm.<\/p>\n","protected":false},"featured_media":8506,"template":"","meta":[],"product_brand":[],"product_cat":[306,61,378],"product_tag":[377,376,375],"class_list":{"0":"post-3612","1":"product","2":"type-product","3":"status-publish","4":"has-post-thumbnail","6":"product_cat-accesorii-acvarii","7":"product_cat-acvaristica","8":"product_cat-termometre","9":"product_tag-termometre-acvarii","10":"product_tag-termometru-analog","11":"product_tag-termometru-pentru-acvarii","13":"first","14":"instock","15":"shipping-taxable","16":"purchasable","17":"product-type-simple"},"_links":{"self":[{"href":"https:\/\/faberpet.ro\/stage\/wp-json\/wp\/v2\/product\/3612","targetHints":{"allow":["GET"]}}],"collection":[{"href":"https:\/\/faberpet.ro\/stage\/wp-json\/wp\/v2\/product"}],"about":[{"href":"https:\/\/faberpet.ro\/stage\/wp-json\/wp\/v2\/types\/product"}],"wp:featuredmedia":[{"embeddable":true,"href":"https:\/\/faberpet.ro\/stage\/wp-json\/wp\/v2\/media\/8506"}],"wp:attachment":[{"href":"https:\/\/faberpet.ro\/stage\/wp-json\/wp\/v2\/media?parent=3612"}],"wp:term":[{"taxonomy":"product_brand","embeddable":true,"href":"https:\/\/faberpet.ro\/stage\/wp-json\/wp\/v2\/product_brand?post=3612"},{"taxonomy":"product_cat","embeddable":true,"href":"https:\/\/faberpet.ro\/stage\/wp-json\/wp\/v2\/product_cat?post=3612"},{"taxonomy":"product_tag","embeddable":true,"href":"https:\/\/faberpet.ro\/stage\/wp-json\/wp\/v2\/product_tag?post=3612"}],"curies":[{"name":"wp","href":"https:\/\/api.w.org\/{rel}","templated":true}]}}