{"id":3614,"date":"2024-10-21T20:30:45","date_gmt":"2024-10-21T17:30:45","guid":{"rendered":"https:\/\/faberpet.ro\/stage\/produs\/termometru-baojie-groasa-din-sticla-pentru-acvariu\/"},"modified":"2025-08-01T08:07:49","modified_gmt":"2025-08-01T06:07:49","slug":"termometru-baojie-groasa-din-sticla-pentru-acvariu","status":"publish","type":"product","link":"https:\/\/faberpet.ro\/stage\/produs\/termometru-baojie-groasa-din-sticla-pentru-acvariu\/","title":{"rendered":"Termometru BAOJIE groasa din sticla pentru acvariu"},"content":{"rendered":"<p>Grada\u021bia este \u00een grade Celsius \u0219i Fahrenheit. Include un indicator al zonei de siguran\u021b\u0103 al temperaturii. Se pozi\u021bioneaz\u0103 \u00een interiorul acvariului \u0219i se fixeaz\u0103 pe geam cu ventuza. Indic\u0103 temperaturi cuprinse \u00een intervalul 0 &#8211; 40 de grade Celsius. Lungime: 11 cm.<\/p>\n","protected":false},"excerpt":{"rendered":"<p>Grada\u021bia este \u00een grade Celsius \u0219i Fahrenheit. Include un indicator al zonei de siguran\u021b\u0103 al temperaturii. Se pozi\u021bioneaz\u0103 \u00een interiorul acvariului \u0219i se fixeaz\u0103 pe geam cu ventuza. Indic\u0103 temperaturi cuprinse \u00een intervalul 0 &#8211; 40 de grade Celsius. Lungime: 11 cm.<\/p>\n","protected":false},"featured_media":8508,"template":"","meta":[],"product_brand":[],"product_cat":[306,61,378],"product_tag":[377,380,379],"class_list":{"0":"post-3614","1":"product","2":"type-product","3":"status-publish","4":"has-post-thumbnail","6":"product_cat-accesorii-acvarii","7":"product_cat-acvaristica","8":"product_cat-termometre","9":"product_tag-termometre-acvarii","10":"product_tag-termometre-terarii","11":"product_tag-termometru-acvariu","13":"first","14":"instock","15":"shipping-taxable","16":"purchasable","17":"product-type-simple"},"_links":{"self":[{"href":"https:\/\/faberpet.ro\/stage\/wp-json\/wp\/v2\/product\/3614","targetHints":{"allow":["GET"]}}],"collection":[{"href":"https:\/\/faberpet.ro\/stage\/wp-json\/wp\/v2\/product"}],"about":[{"href":"https:\/\/faberpet.ro\/stage\/wp-json\/wp\/v2\/types\/product"}],"wp:featuredmedia":[{"embeddable":true,"href":"https:\/\/faberpet.ro\/stage\/wp-json\/wp\/v2\/media\/8508"}],"wp:attachment":[{"href":"https:\/\/faberpet.ro\/stage\/wp-json\/wp\/v2\/media?parent=3614"}],"wp:term":[{"taxonomy":"product_brand","embeddable":true,"href":"https:\/\/faberpet.ro\/stage\/wp-json\/wp\/v2\/product_brand?post=3614"},{"taxonomy":"product_cat","embeddable":true,"href":"https:\/\/faberpet.ro\/stage\/wp-json\/wp\/v2\/product_cat?post=3614"},{"taxonomy":"product_tag","embeddable":true,"href":"https:\/\/faberpet.ro\/stage\/wp-json\/wp\/v2\/product_tag?post=3614"}],"curies":[{"name":"wp","href":"https:\/\/api.w.org\/{rel}","templated":true}]}}