{"id":3615,"date":"2024-10-21T20:30:45","date_gmt":"2024-10-21T17:30:45","guid":{"rendered":"https:\/\/faberpet.ro\/stage\/produs\/termometru-digital-baojie-pentru-acvariu\/"},"modified":"2025-08-01T08:08:16","modified_gmt":"2025-08-01T06:08:16","slug":"termometru-digital-baojie-pentru-acvariu","status":"publish","type":"product","link":"https:\/\/faberpet.ro\/stage\/produs\/termometru-digital-baojie-pentru-acvariu\/","title":{"rendered":"Termometru digital BAOJIE pentru acvariu"},"content":{"rendered":"<p>Se aplic\u0103 pe exteriorul acvariului. Grada\u021bia este \u00een grade Celsius \u0219i Fahrenheit. Celulele termosensibile \u00ee\u0219i modific\u0103 aspectul culorilor \u00een func\u021bie de temperatura existent\u0103 \u00een acvariu. Indic\u0103 temperaturi cuprinse \u00een intervalul 18 &#8211; 34 de grade Celsius. Lungime: 13 cm. L\u0103\u021bime: 1, 5 cm.<\/p>\n","protected":false},"excerpt":{"rendered":"<p>Se aplic\u0103 pe exteriorul acvariului. Grada\u021bia este \u00een grade Celsius \u0219i Fahrenheit. Celulele termosensibile \u00ee\u0219i modific\u0103 aspectul culorilor \u00een func\u021bie de temperatura existent\u0103 \u00een acvariu. Indic\u0103 temperaturi cuprinse \u00een intervalul 18 &#8211; 34 de grade Celsius. Lungime: 13 cm. L\u0103\u021bime: 1, 5 cm.<\/p>\n","protected":false},"featured_media":8509,"template":"","meta":[],"product_brand":[],"product_cat":[306,61,378],"product_tag":[381,383,382],"class_list":{"0":"post-3615","1":"product","2":"type-product","3":"status-publish","4":"has-post-thumbnail","6":"product_cat-accesorii-acvarii","7":"product_cat-acvaristica","8":"product_cat-termometre","9":"product_tag-termometre-de-acvariu","10":"product_tag-termometre-de-terarii","11":"product_tag-termometru-clasic","13":"first","14":"instock","15":"shipping-taxable","16":"purchasable","17":"product-type-simple"},"_links":{"self":[{"href":"https:\/\/faberpet.ro\/stage\/wp-json\/wp\/v2\/product\/3615","targetHints":{"allow":["GET"]}}],"collection":[{"href":"https:\/\/faberpet.ro\/stage\/wp-json\/wp\/v2\/product"}],"about":[{"href":"https:\/\/faberpet.ro\/stage\/wp-json\/wp\/v2\/types\/product"}],"wp:featuredmedia":[{"embeddable":true,"href":"https:\/\/faberpet.ro\/stage\/wp-json\/wp\/v2\/media\/8509"}],"wp:attachment":[{"href":"https:\/\/faberpet.ro\/stage\/wp-json\/wp\/v2\/media?parent=3615"}],"wp:term":[{"taxonomy":"product_brand","embeddable":true,"href":"https:\/\/faberpet.ro\/stage\/wp-json\/wp\/v2\/product_brand?post=3615"},{"taxonomy":"product_cat","embeddable":true,"href":"https:\/\/faberpet.ro\/stage\/wp-json\/wp\/v2\/product_cat?post=3615"},{"taxonomy":"product_tag","embeddable":true,"href":"https:\/\/faberpet.ro\/stage\/wp-json\/wp\/v2\/product_tag?post=3615"}],"curies":[{"name":"wp","href":"https:\/\/api.w.org\/{rel}","templated":true}]}}