{"id":3617,"date":"2024-10-21T20:30:45","date_gmt":"2024-10-21T17:30:45","guid":{"rendered":"https:\/\/faberpet.ro\/stage\/produs\/furtun-golire-substrat-si-apa-cu-robinet-170-cm\/"},"modified":"2025-08-01T08:09:26","modified_gmt":"2025-08-01T06:09:26","slug":"furtun-golire-substrat-si-apa-cu-robinet-170-cm","status":"publish","type":"product","link":"https:\/\/faberpet.ro\/stage\/produs\/furtun-golire-substrat-si-apa-cu-robinet-170-cm\/","title":{"rendered":"Furtun golire substrat si apa cu robinet, 180 cm"},"content":{"rendered":"<p>Aspirator cu pomp\u0103 de amorsare pentru schimburile de ap\u0103 \u0219i scosul apei din acvariu. Ideal pentru sifonarea mizeriei de pe fundul acvariului. Poate cur\u0103\u021ba pietri\u0219ul \u0219i \u00eenl\u0103tur\u0103 rezidurile biologice. Furtunul este confec\u021bionat din material plastic transparent. Lungimea furtunului 170 cm;<\/p>\n","protected":false},"excerpt":{"rendered":"<p>Aspirator cu pomp\u0103 de amorsare pentru schimburile de ap\u0103 \u0219i scosul apei din acvariu. Ideal pentru sifonarea mizeriei de pe fundul acvariului. Poate cur\u0103\u021ba pietri\u0219ul \u0219i \u00eenl\u0103tur\u0103 rezidurile biologice. Furtunul este confec\u021bionat din material plastic transparent. Lungimea furtunului 170 cm;<\/p>\n","protected":false},"featured_media":8511,"template":"","meta":[],"product_brand":[],"product_cat":[61,387,388],"product_tag":[348,389,390],"class_list":{"0":"post-3617","1":"product","2":"type-product","3":"status-publish","4":"has-post-thumbnail","6":"product_cat-acvaristica","7":"product_cat-echipamente-de-intretinere","8":"product_cat-furtunuri-de-golire","9":"product_tag-curatare-acvariu","10":"product_tag-furtun-golire-acvarii","11":"product_tag-unelte-pentru-acvarii","13":"first","14":"instock","15":"shipping-taxable","16":"purchasable","17":"product-type-simple"},"_links":{"self":[{"href":"https:\/\/faberpet.ro\/stage\/wp-json\/wp\/v2\/product\/3617","targetHints":{"allow":["GET"]}}],"collection":[{"href":"https:\/\/faberpet.ro\/stage\/wp-json\/wp\/v2\/product"}],"about":[{"href":"https:\/\/faberpet.ro\/stage\/wp-json\/wp\/v2\/types\/product"}],"wp:featuredmedia":[{"embeddable":true,"href":"https:\/\/faberpet.ro\/stage\/wp-json\/wp\/v2\/media\/8511"}],"wp:attachment":[{"href":"https:\/\/faberpet.ro\/stage\/wp-json\/wp\/v2\/media?parent=3617"}],"wp:term":[{"taxonomy":"product_brand","embeddable":true,"href":"https:\/\/faberpet.ro\/stage\/wp-json\/wp\/v2\/product_brand?post=3617"},{"taxonomy":"product_cat","embeddable":true,"href":"https:\/\/faberpet.ro\/stage\/wp-json\/wp\/v2\/product_cat?post=3617"},{"taxonomy":"product_tag","embeddable":true,"href":"https:\/\/faberpet.ro\/stage\/wp-json\/wp\/v2\/product_tag?post=3617"}],"curies":[{"name":"wp","href":"https:\/\/api.w.org\/{rel}","templated":true}]}}