{"id":3620,"date":"2024-10-21T20:30:45","date_gmt":"2024-10-21T17:30:45","guid":{"rendered":"https:\/\/faberpet.ro\/stage\/produs\/bile-bio-filtrante-4-cm\/"},"modified":"2025-08-01T08:10:25","modified_gmt":"2025-08-01T06:10:25","slug":"bile-bio-filtrante-4-cm","status":"publish","type":"product","link":"https:\/\/faberpet.ro\/stage\/produs\/bile-bio-filtrante-4-cm\/","title":{"rendered":"Bile bio-filtrante 4 cm"},"content":{"rendered":"<p>Bile de plastic care func\u021bioneaz\u0103 ca \u0219i material de filtrare cu o suprafa\u021b\u0103 mare pentru nitrificarea \u0219i denitrificarea germenilor. Potrivite pentru acvariu de ap\u0103 dulce, acvariu marin, iazuri, filtre de camer\u0103, piscine. . . Potrivite ca prima etap\u0103 de filtrare. Diametrul bilei: 4 cm. Pachetul con\u021bine 20 buc\u0103\u021bi + fermoar. Pre\u021bul afi\u0219at este per set!<\/p>\n","protected":false},"excerpt":{"rendered":"<p>Bile de plastic care func\u021bioneaz\u0103 ca \u0219i material de filtrare cu o suprafa\u021b\u0103 mare pentru nitrificarea \u0219i denitrificarea germenilor. Potrivite pentru acvariu de ap\u0103 dulce, acvariu marin, iazuri, filtre de camer\u0103, piscine. . . Potrivite ca prima etap\u0103 de filtrare. Diametrul bilei: 4 cm. Pachetul con\u021bine 20 buc\u0103\u021bi + fermoar. Pre\u021bul afi\u0219at este per set!<\/p>\n","protected":false},"featured_media":8514,"template":"","meta":[],"product_brand":[],"product_cat":[61,387,397],"product_tag":[394,395,398],"class_list":{"0":"post-3620","1":"product","2":"type-product","3":"status-publish","4":"has-post-thumbnail","6":"product_cat-acvaristica","7":"product_cat-echipamente-de-intretinere","8":"product_cat-elemente-filtrante","9":"product_tag-bile-bio-filtrante-acvarii","10":"product_tag-filtrante-acvarii","11":"product_tag-ingrijiri-acvarii","13":"first","14":"instock","15":"shipping-taxable","16":"purchasable","17":"product-type-simple"},"_links":{"self":[{"href":"https:\/\/faberpet.ro\/stage\/wp-json\/wp\/v2\/product\/3620","targetHints":{"allow":["GET"]}}],"collection":[{"href":"https:\/\/faberpet.ro\/stage\/wp-json\/wp\/v2\/product"}],"about":[{"href":"https:\/\/faberpet.ro\/stage\/wp-json\/wp\/v2\/types\/product"}],"wp:featuredmedia":[{"embeddable":true,"href":"https:\/\/faberpet.ro\/stage\/wp-json\/wp\/v2\/media\/8514"}],"wp:attachment":[{"href":"https:\/\/faberpet.ro\/stage\/wp-json\/wp\/v2\/media?parent=3620"}],"wp:term":[{"taxonomy":"product_brand","embeddable":true,"href":"https:\/\/faberpet.ro\/stage\/wp-json\/wp\/v2\/product_brand?post=3620"},{"taxonomy":"product_cat","embeddable":true,"href":"https:\/\/faberpet.ro\/stage\/wp-json\/wp\/v2\/product_cat?post=3620"},{"taxonomy":"product_tag","embeddable":true,"href":"https:\/\/faberpet.ro\/stage\/wp-json\/wp\/v2\/product_tag?post=3620"}],"curies":[{"name":"wp","href":"https:\/\/api.w.org\/{rel}","templated":true}]}}