{"id":3628,"date":"2024-10-21T20:30:46","date_gmt":"2024-10-21T17:30:46","guid":{"rendered":"https:\/\/faberpet.ro\/stage\/produs\/inele-ceramice-pentru-acvarii-cr-1000\/"},"modified":"2025-08-01T08:12:53","modified_gmt":"2025-08-01T06:12:53","slug":"inele-ceramice-pentru-acvarii-cr-1000","status":"publish","type":"product","link":"https:\/\/faberpet.ro\/stage\/produs\/inele-ceramice-pentru-acvarii-cr-1000\/","title":{"rendered":"Inele ceramice pentru acvarii CR-1000"},"content":{"rendered":"<p>Inele ceramice acvariu vitale pentru filtrarea biologic\u0103 a acvariului. Bacteriile benefice se dezvolt\u0103 pe bioceramic\u0103 de acvariu ce le ofer\u0103 suprafa\u021b\u0103 mare de fixare prin forma de inelele ceramice \u0219i nu trebuiesc niciodat\u0103 distruse deoarece acestea elimina amoniacul \u0219i nitri\u021bii &#8211; substan\u021be toxice \u0219i d\u0103un\u0103toare acvariului. Acest produs este confec\u021bionat dintr- un mix de ceramic\u0103 poroas\u0103 \u0219i carbon activ. Porozitatea ceramicii face acest produs mediul de filtrare special dedicat fixarii bacteriilor denitrificatoare \u00eentr- o densitate popula\u021bional\u0103 mare pe unitatea de suprafa\u021b\u0103. Granule bio ceramice pentru filtre \u00een s\u0103cule\u021b de plas\u0103, ce servesc la purificarea biologic\u0103 a apei dulci sau s\u0103rat\u0103.<\/p>\n<p>Ambalat la cantitatea de 1000 gr.<\/p>\n<p>Lungimea pieselor ceramice: 1, 5 cm;<\/p>\n","protected":false},"excerpt":{"rendered":"<p>Inele ceramice acvariu vitale pentru filtrarea biologic\u0103 a acvariului. Bacteriile benefice se dezvolt\u0103 pe bioceramic\u0103 de acvariu ce le ofer\u0103 suprafa\u021b\u0103 mare de fixare prin forma de inelele ceramice \u0219i nu trebuiesc niciodat\u0103 distruse deoarece acestea elimina amoniacul \u0219i nitri\u021bii &#8211; substan\u021be toxice \u0219i d\u0103un\u0103toare acvariului. Acest produs este confec\u021bionat dintr- un mix de ceramic\u0103 [&hellip;]<\/p>\n","protected":false},"featured_media":12648,"template":"","meta":[],"product_brand":[],"product_cat":[61,387,397],"product_tag":[408,405,409],"class_list":{"0":"post-3628","1":"product","2":"type-product","3":"status-publish","4":"has-post-thumbnail","6":"product_cat-acvaristica","7":"product_cat-echipamente-de-intretinere","8":"product_cat-elemente-filtrante","9":"product_tag-filtre-biologica","10":"product_tag-inele-ceramice-acvariu","11":"product_tag-material-filtrant","13":"first","14":"instock","15":"shipping-taxable","16":"purchasable","17":"product-type-simple"},"_links":{"self":[{"href":"https:\/\/faberpet.ro\/stage\/wp-json\/wp\/v2\/product\/3628","targetHints":{"allow":["GET"]}}],"collection":[{"href":"https:\/\/faberpet.ro\/stage\/wp-json\/wp\/v2\/product"}],"about":[{"href":"https:\/\/faberpet.ro\/stage\/wp-json\/wp\/v2\/types\/product"}],"wp:featuredmedia":[{"embeddable":true,"href":"https:\/\/faberpet.ro\/stage\/wp-json\/wp\/v2\/media\/12648"}],"wp:attachment":[{"href":"https:\/\/faberpet.ro\/stage\/wp-json\/wp\/v2\/media?parent=3628"}],"wp:term":[{"taxonomy":"product_brand","embeddable":true,"href":"https:\/\/faberpet.ro\/stage\/wp-json\/wp\/v2\/product_brand?post=3628"},{"taxonomy":"product_cat","embeddable":true,"href":"https:\/\/faberpet.ro\/stage\/wp-json\/wp\/v2\/product_cat?post=3628"},{"taxonomy":"product_tag","embeddable":true,"href":"https:\/\/faberpet.ro\/stage\/wp-json\/wp\/v2\/product_tag?post=3628"}],"curies":[{"name":"wp","href":"https:\/\/api.w.org\/{rel}","templated":true}]}}