{"id":3640,"date":"2024-10-21T20:30:48","date_gmt":"2024-10-21T17:30:48","guid":{"rendered":"https:\/\/faberpet.ro\/stage\/produs\/minciog-pt-insecte-si-pesti-diam-20-cm-cu-maner-telescopic\/"},"modified":"2025-08-01T08:22:24","modified_gmt":"2025-08-01T06:22:24","slug":"minciog-pt-insecte-si-pesti-diam-20-cm-cu-maner-telescopic","status":"publish","type":"product","link":"https:\/\/faberpet.ro\/stage\/produs\/minciog-pt-insecte-si-pesti-diam-20-cm-cu-maner-telescopic\/","title":{"rendered":"Minciog pt. insecte si pesti diam 20 cm cu maner telescopic"},"content":{"rendered":"<p>Minciog cu diam. 20 cm cu m\u00e2ner telscopic \u0219i plas\u0103 fin\u0103 pentru capturarea pe\u0219tilor sau insectelor. U\u0219or de folosit, minciogul este un accesoriu indispensabil pentru de\u021bin\u0103torii de acvarii. Confec\u021bionat din s\u00e2rm\u0103 solid\u0103 \u0219i plas\u0103 de calitate superiaor\u0103. Utilizat cu prec\u0103dere \u00een cazul acvariilor mici. M\u0103rimea minciogului este de 84 cm \u00een lungime. Diametru minciog 20 cm.<\/p>\n","protected":false},"excerpt":{"rendered":"<p>Minciog cu diam. 20 cm cu m\u00e2ner telscopic \u0219i plas\u0103 fin\u0103 pentru capturarea pe\u0219tilor sau insectelor. U\u0219or de folosit, minciogul este un accesoriu indispensabil pentru de\u021bin\u0103torii de acvarii. Confec\u021bionat din s\u00e2rm\u0103 solid\u0103 \u0219i plas\u0103 de calitate superiaor\u0103. Utilizat cu prec\u0103dere \u00een cazul acvariilor mici. M\u0103rimea minciogului este de 84 cm \u00een lungime. Diametru minciog 20 [&hellip;]<\/p>\n","protected":false},"featured_media":8533,"template":"","meta":[],"product_brand":[],"product_cat":[61,387,425],"product_tag":[423,424,422],"class_list":{"0":"post-3640","1":"product","2":"type-product","3":"status-publish","4":"has-post-thumbnail","6":"product_cat-acvaristica","7":"product_cat-echipamente-de-intretinere","8":"product_cat-minciog-acvariu","9":"product_tag-accesoriu-acvaristica","10":"product_tag-minciog","11":"product_tag-minciog-pentru-acavriu","13":"first","14":"instock","15":"shipping-taxable","16":"purchasable","17":"product-type-simple"},"_links":{"self":[{"href":"https:\/\/faberpet.ro\/stage\/wp-json\/wp\/v2\/product\/3640","targetHints":{"allow":["GET"]}}],"collection":[{"href":"https:\/\/faberpet.ro\/stage\/wp-json\/wp\/v2\/product"}],"about":[{"href":"https:\/\/faberpet.ro\/stage\/wp-json\/wp\/v2\/types\/product"}],"wp:featuredmedia":[{"embeddable":true,"href":"https:\/\/faberpet.ro\/stage\/wp-json\/wp\/v2\/media\/8533"}],"wp:attachment":[{"href":"https:\/\/faberpet.ro\/stage\/wp-json\/wp\/v2\/media?parent=3640"}],"wp:term":[{"taxonomy":"product_brand","embeddable":true,"href":"https:\/\/faberpet.ro\/stage\/wp-json\/wp\/v2\/product_brand?post=3640"},{"taxonomy":"product_cat","embeddable":true,"href":"https:\/\/faberpet.ro\/stage\/wp-json\/wp\/v2\/product_cat?post=3640"},{"taxonomy":"product_tag","embeddable":true,"href":"https:\/\/faberpet.ro\/stage\/wp-json\/wp\/v2\/product_tag?post=3640"}],"curies":[{"name":"wp","href":"https:\/\/api.w.org\/{rel}","templated":true}]}}