{"id":3645,"date":"2024-10-21T20:30:49","date_gmt":"2024-10-21T17:30:49","guid":{"rendered":"https:\/\/faberpet.ro\/stage\/produs\/minciog-pentru-acvariu-20-cm-8\/"},"modified":"2025-08-01T08:23:42","modified_gmt":"2025-08-01T06:23:42","slug":"minciog-pentru-acvariu-20-cm-8","status":"publish","type":"product","link":"https:\/\/faberpet.ro\/stage\/produs\/minciog-pentru-acvariu-20-cm-8\/","title":{"rendered":"Minciog pentru acvariu 20 cm ( 8&#8243; )"},"content":{"rendered":"<p>Minciog de 8 inci (20, 3 centimetri) cu m\u00e2ner din metal \u00eenvelit \u00een plastic cu plas\u0103 fin\u0103 pentru capturarea pe\u0219tilor din acvarii. U\u0219or de folosit, minciogul este un accesoriu indispensabil pentru de\u021bin\u0103torii de acvarii. Confec\u021bionat din s\u00e2rm\u0103 solid\u0103 \u0219i plas\u0103 de calitate superioar\u0103. Utilizat cu prec\u0103dere \u00een cazul acvariilor mici \u0219i mijlocii. M\u0103rimea minciogului este de 53 cm \u00een lungime. Diametru minciog 20 cm.<\/p>\n","protected":false},"excerpt":{"rendered":"<p>Minciog de 8 inci (20, 3 centimetri) cu m\u00e2ner din metal \u00eenvelit \u00een plastic cu plas\u0103 fin\u0103 pentru capturarea pe\u0219tilor din acvarii. U\u0219or de folosit, minciogul este un accesoriu indispensabil pentru de\u021bin\u0103torii de acvarii. Confec\u021bionat din s\u00e2rm\u0103 solid\u0103 \u0219i plas\u0103 de calitate superioar\u0103. Utilizat cu prec\u0103dere \u00een cazul acvariilor mici \u0219i mijlocii. M\u0103rimea minciogului este [&hellip;]<\/p>\n","protected":false},"featured_media":8539,"template":"","meta":[],"product_brand":[],"product_cat":[61,387,425],"product_tag":[82,434,430],"class_list":{"0":"post-3645","1":"product","2":"type-product","3":"status-publish","4":"has-post-thumbnail","6":"product_cat-acvaristica","7":"product_cat-echipamente-de-intretinere","8":"product_cat-minciog-acvariu","9":"product_tag-accesorii-acvarii","10":"product_tag-minciog-acvarii","11":"product_tag-minciog-acvariu","13":"first","14":"instock","15":"shipping-taxable","16":"purchasable","17":"product-type-simple"},"_links":{"self":[{"href":"https:\/\/faberpet.ro\/stage\/wp-json\/wp\/v2\/product\/3645","targetHints":{"allow":["GET"]}}],"collection":[{"href":"https:\/\/faberpet.ro\/stage\/wp-json\/wp\/v2\/product"}],"about":[{"href":"https:\/\/faberpet.ro\/stage\/wp-json\/wp\/v2\/types\/product"}],"wp:featuredmedia":[{"embeddable":true,"href":"https:\/\/faberpet.ro\/stage\/wp-json\/wp\/v2\/media\/8539"}],"wp:attachment":[{"href":"https:\/\/faberpet.ro\/stage\/wp-json\/wp\/v2\/media?parent=3645"}],"wp:term":[{"taxonomy":"product_brand","embeddable":true,"href":"https:\/\/faberpet.ro\/stage\/wp-json\/wp\/v2\/product_brand?post=3645"},{"taxonomy":"product_cat","embeddable":true,"href":"https:\/\/faberpet.ro\/stage\/wp-json\/wp\/v2\/product_cat?post=3645"},{"taxonomy":"product_tag","embeddable":true,"href":"https:\/\/faberpet.ro\/stage\/wp-json\/wp\/v2\/product_tag?post=3645"}],"curies":[{"name":"wp","href":"https:\/\/api.w.org\/{rel}","templated":true}]}}