{"id":3652,"date":"2024-10-21T20:30:49","date_gmt":"2024-10-21T17:30:49","guid":{"rendered":"https:\/\/faberpet.ro\/stage\/produs\/piatra-aer-disc-12x15-cm\/"},"modified":"2025-08-01T08:25:25","modified_gmt":"2025-08-01T06:25:25","slug":"piatra-aer-disc-12x15-cm","status":"publish","type":"product","link":"https:\/\/faberpet.ro\/stage\/produs\/piatra-aer-disc-12x15-cm\/","title":{"rendered":"Piatra aer disc 12&#215;1,5 cm"},"content":{"rendered":"<p>Piatra aer pentru oxigenarea apei \u00een bazinele cu pe\u0219ti \u00een special la pesc\u0103rii. Piatra fabricat\u0103 din nisip cuar\u021bos cu pori extra fini pentru bule de aer fine. Forma de disc asigur\u0103 aerarea unui volum de ap\u0103 mare datorit\u0103 dimensiunii acestei pietre de aer \u00een compara\u021bie cu ceilal\u021bi difuzori de aer pe care noi \u00eei comercializ\u0103m. Se conecteaz\u0103 la pomp\u0103 de aer sau compresor. Intrare: 4 sau 10 mm. Diametrul pietrei de aer: 12 cm.<\/p>\n","protected":false},"excerpt":{"rendered":"<p>Piatra aer pentru oxigenarea apei \u00een bazinele cu pe\u0219ti \u00een special la pesc\u0103rii. Piatra fabricat\u0103 din nisip cuar\u021bos cu pori extra fini pentru bule de aer fine. Forma de disc asigur\u0103 aerarea unui volum de ap\u0103 mare datorit\u0103 dimensiunii acestei pietre de aer \u00een compara\u021bie cu ceilal\u021bi difuzori de aer pe care noi \u00eei comercializ\u0103m. [&hellip;]<\/p>\n","protected":false},"featured_media":8546,"template":"","meta":[],"product_brand":[],"product_cat":[306,61,350],"product_tag":[441,443,355],"class_list":{"0":"post-3652","1":"product","2":"type-product","3":"status-publish","4":"has-post-thumbnail","6":"product_cat-accesorii-acvarii","7":"product_cat-acvaristica","8":"product_cat-furtunuri-si-pietre-de-aer","9":"product_tag-piatra-aer-acvariu","10":"product_tag-piatra-aer-disc","11":"product_tag-pietre-aer-acvariu","13":"first","14":"instock","15":"shipping-taxable","16":"purchasable","17":"product-type-simple"},"_links":{"self":[{"href":"https:\/\/faberpet.ro\/stage\/wp-json\/wp\/v2\/product\/3652","targetHints":{"allow":["GET"]}}],"collection":[{"href":"https:\/\/faberpet.ro\/stage\/wp-json\/wp\/v2\/product"}],"about":[{"href":"https:\/\/faberpet.ro\/stage\/wp-json\/wp\/v2\/types\/product"}],"wp:featuredmedia":[{"embeddable":true,"href":"https:\/\/faberpet.ro\/stage\/wp-json\/wp\/v2\/media\/8546"}],"wp:attachment":[{"href":"https:\/\/faberpet.ro\/stage\/wp-json\/wp\/v2\/media?parent=3652"}],"wp:term":[{"taxonomy":"product_brand","embeddable":true,"href":"https:\/\/faberpet.ro\/stage\/wp-json\/wp\/v2\/product_brand?post=3652"},{"taxonomy":"product_cat","embeddable":true,"href":"https:\/\/faberpet.ro\/stage\/wp-json\/wp\/v2\/product_cat?post=3652"},{"taxonomy":"product_tag","embeddable":true,"href":"https:\/\/faberpet.ro\/stage\/wp-json\/wp\/v2\/product_tag?post=3652"}],"curies":[{"name":"wp","href":"https:\/\/api.w.org\/{rel}","templated":true}]}}