{"id":3654,"date":"2024-10-21T20:30:50","date_gmt":"2024-10-21T17:30:50","guid":{"rendered":"https:\/\/faberpet.ro\/stage\/produs\/piatra-aer-semisferic-12x5-cm\/"},"modified":"2025-08-01T08:28:38","modified_gmt":"2025-08-01T06:28:38","slug":"piatra-aer-semisferic-12x5-cm","status":"publish","type":"product","link":"https:\/\/faberpet.ro\/stage\/produs\/piatra-aer-semisferic-12x5-cm\/","title":{"rendered":"Piatra aer semisferic 12&#215;5 cm"},"content":{"rendered":"<p>Piatra perdea de aer pentru acvariu de calitate cu difuzie de bule fine. Creeaz\u0103 o perdea de aer. Fabricat\u0103 din nisip cuar\u021bos cu pori extra fini pentru bule de aer fine. Se conecteaz\u0103 la pomp\u0103 de aer sau compresor prin intermediul unui furtun de aer. Forma de disc asigur\u0103 aerarea unui volum de ap\u0103 mare datorit\u0103 dimensiunii acestei pietre de aer \u00een compara\u021bie cu ceilal\u021bi difuzori de aer pe care noi \u00eei comercializ\u0103m. Intrare: 4 sau 10 mm. Diametrul pietrei de aer: 12 cm.<\/p>\n","protected":false},"excerpt":{"rendered":"<p>Piatra perdea de aer pentru acvariu de calitate cu difuzie de bule fine. Creeaz\u0103 o perdea de aer. Fabricat\u0103 din nisip cuar\u021bos cu pori extra fini pentru bule de aer fine. Se conecteaz\u0103 la pomp\u0103 de aer sau compresor prin intermediul unui furtun de aer. Forma de disc asigur\u0103 aerarea unui volum de ap\u0103 mare [&hellip;]<\/p>\n","protected":false},"featured_media":8548,"template":"","meta":[],"product_brand":[],"product_cat":[306,61,350],"product_tag":[441,444,355],"class_list":{"0":"post-3654","1":"product","2":"type-product","3":"status-publish","4":"has-post-thumbnail","6":"product_cat-accesorii-acvarii","7":"product_cat-acvaristica","8":"product_cat-furtunuri-si-pietre-de-aer","9":"product_tag-piatra-aer-acvariu","10":"product_tag-piatra-aer-sferic","11":"product_tag-pietre-aer-acvariu","13":"first","14":"instock","15":"shipping-taxable","16":"purchasable","17":"product-type-simple"},"_links":{"self":[{"href":"https:\/\/faberpet.ro\/stage\/wp-json\/wp\/v2\/product\/3654","targetHints":{"allow":["GET"]}}],"collection":[{"href":"https:\/\/faberpet.ro\/stage\/wp-json\/wp\/v2\/product"}],"about":[{"href":"https:\/\/faberpet.ro\/stage\/wp-json\/wp\/v2\/types\/product"}],"wp:featuredmedia":[{"embeddable":true,"href":"https:\/\/faberpet.ro\/stage\/wp-json\/wp\/v2\/media\/8548"}],"wp:attachment":[{"href":"https:\/\/faberpet.ro\/stage\/wp-json\/wp\/v2\/media?parent=3654"}],"wp:term":[{"taxonomy":"product_brand","embeddable":true,"href":"https:\/\/faberpet.ro\/stage\/wp-json\/wp\/v2\/product_brand?post=3654"},{"taxonomy":"product_cat","embeddable":true,"href":"https:\/\/faberpet.ro\/stage\/wp-json\/wp\/v2\/product_cat?post=3654"},{"taxonomy":"product_tag","embeddable":true,"href":"https:\/\/faberpet.ro\/stage\/wp-json\/wp\/v2\/product_tag?post=3654"}],"curies":[{"name":"wp","href":"https:\/\/api.w.org\/{rel}","templated":true}]}}