{"id":3655,"date":"2024-10-21T20:30:50","date_gmt":"2024-10-21T17:30:50","guid":{"rendered":"https:\/\/faberpet.ro\/stage\/produs\/razuitor-magnetic-pentru-acvariu-10x4x65-cm\/"},"modified":"2025-08-01T08:28:52","modified_gmt":"2025-08-01T06:28:52","slug":"razuitor-magnetic-pentru-acvariu-10x4x65-cm","status":"publish","type":"product","link":"https:\/\/faberpet.ro\/stage\/produs\/razuitor-magnetic-pentru-acvariu-10x4x65-cm\/","title":{"rendered":"Razuitor magnetic pt. acvariu BOYU 7,3&#215;3,45&#215;7,5 cm"},"content":{"rendered":"<p>R\u0103zuitor acvariu magnetic foarte util pentru o bun\u0103 cur\u0103\u021bare a geamurilor de la acvariu. Avantajul acestui r\u0103zuitor magnetic pe l\u00e2ng\u0103 faptul c\u0103 are putere mare de atrac\u021bie \u00eel constituie \u0219i faptul c\u0103, \u00een momentul \u00een care partea din exteriorul acvariului este \u00eendep\u0103rtat\u0103 cealalt\u0103 parte din interiorul acvariului se va ridic\u0103 la suprafa\u021ba. Astfel nu vom mai fi nevoi\u021bi s\u0103 \u00eentroducem m\u00e2na \u00een acvariu. Le cur\u0103\u021b\u0103 at\u00e2t pe interior de depunerile de alge c\u00e2t \u0219i pe exterior. Un magnet acvariu solid \u0219i puternic pe care ne putem baza \u00een orice situa\u021bie.<\/p>\n<p>R\u0103zuitor alge magnetic flotant pentru acvarii cu grosimea geamului p\u00e2n\u0103 \u00een 6 mm.<\/p>\n<p>Dimensiuni: Lungime &#8211; 7.3 cm, l\u0103\u021bime &#8211; 3.45 cm, \u00een\u0103l\u021bime &#8211; 7,5 cm.<\/p>\n","protected":false},"excerpt":{"rendered":"<p>R\u0103zuitor acvariu magnetic foarte util pentru o bun\u0103 cur\u0103\u021bare a geamurilor de la acvariu. Avantajul acestui r\u0103zuitor magnetic pe l\u00e2ng\u0103 faptul c\u0103 are putere mare de atrac\u021bie \u00eel constituie \u0219i faptul c\u0103, \u00een momentul \u00een care partea din exteriorul acvariului este \u00eendep\u0103rtat\u0103 cealalt\u0103 parte din interiorul acvariului se va ridic\u0103 la suprafa\u021ba. Astfel nu vom [&hellip;]<\/p>\n","protected":false},"featured_media":12694,"template":"","meta":[],"product_brand":[],"product_cat":[61,387,437],"product_tag":[147,445,436],"class_list":{"0":"post-3655","1":"product","2":"type-product","3":"status-publish","4":"has-post-thumbnail","6":"product_cat-acvaristica","7":"product_cat-echipamente-de-intretinere","8":"product_cat-razuitoare","9":"product_tag-curatare-acvarii","10":"product_tag-razuitor-acvariu","11":"product_tag-razuitor-magnetic","13":"first","14":"instock","15":"shipping-taxable","16":"purchasable","17":"product-type-simple"},"_links":{"self":[{"href":"https:\/\/faberpet.ro\/stage\/wp-json\/wp\/v2\/product\/3655","targetHints":{"allow":["GET"]}}],"collection":[{"href":"https:\/\/faberpet.ro\/stage\/wp-json\/wp\/v2\/product"}],"about":[{"href":"https:\/\/faberpet.ro\/stage\/wp-json\/wp\/v2\/types\/product"}],"wp:featuredmedia":[{"embeddable":true,"href":"https:\/\/faberpet.ro\/stage\/wp-json\/wp\/v2\/media\/12694"}],"wp:attachment":[{"href":"https:\/\/faberpet.ro\/stage\/wp-json\/wp\/v2\/media?parent=3655"}],"wp:term":[{"taxonomy":"product_brand","embeddable":true,"href":"https:\/\/faberpet.ro\/stage\/wp-json\/wp\/v2\/product_brand?post=3655"},{"taxonomy":"product_cat","embeddable":true,"href":"https:\/\/faberpet.ro\/stage\/wp-json\/wp\/v2\/product_cat?post=3655"},{"taxonomy":"product_tag","embeddable":true,"href":"https:\/\/faberpet.ro\/stage\/wp-json\/wp\/v2\/product_tag?post=3655"}],"curies":[{"name":"wp","href":"https:\/\/api.w.org\/{rel}","templated":true}]}}