{"id":3658,"date":"2024-10-21T20:30:50","date_gmt":"2024-10-21T17:30:50","guid":{"rendered":"https:\/\/faberpet.ro\/stage\/produs\/set-curatare-acvariu-5-in-1\/"},"modified":"2025-08-01T08:29:50","modified_gmt":"2025-08-01T06:29:50","slug":"set-curatare-acvariu-5-in-1","status":"publish","type":"product","link":"https:\/\/faberpet.ro\/stage\/produs\/set-curatare-acvariu-5-in-1\/","title":{"rendered":"Set curatare acvariu 5 in 1"},"content":{"rendered":"<p>Set cur\u0103\u021bare acvariu 5 in 1 pentru \u00eentre\u021binerea cur\u0103\u021beniei \u00een acvariu. Un avantaj al racletei \u00eel reprezint\u0103 folosirea acestui dispozitiv pentru acvariu ca nivelator de nisip. Setul con\u021bine o tij\u0103 din plastic \u0219i cinci accesorii: minciog, burete pentru sticl\u0103, r\u0103zuitor pentru alge, cur\u0103\u021bitor pentru nisip, o furculi\u021b\u0103 pentru plante. Lungimea tijei este de 40 cm.<\/p>\n","protected":false},"excerpt":{"rendered":"<p>Set cur\u0103\u021bare acvariu 5 in 1 pentru \u00eentre\u021binerea cur\u0103\u021beniei \u00een acvariu. Un avantaj al racletei \u00eel reprezint\u0103 folosirea acestui dispozitiv pentru acvariu ca nivelator de nisip. Setul con\u021bine o tij\u0103 din plastic \u0219i cinci accesorii: minciog, burete pentru sticl\u0103, r\u0103zuitor pentru alge, cur\u0103\u021bitor pentru nisip, o furculi\u021b\u0103 pentru plante. Lungimea tijei este de 40 cm.<\/p>\n","protected":false},"featured_media":8552,"template":"","meta":[],"product_brand":[],"product_cat":[61,387,437],"product_tag":[447,449,448],"class_list":{"0":"post-3658","1":"product","2":"type-product","3":"status-publish","4":"has-post-thumbnail","6":"product_cat-acvaristica","7":"product_cat-echipamente-de-intretinere","8":"product_cat-razuitoare","9":"product_tag-racleta-razuitor","10":"product_tag-razitori-acvarii","11":"product_tag-set-razuitor","13":"first","14":"instock","15":"shipping-taxable","16":"purchasable","17":"product-type-simple"},"_links":{"self":[{"href":"https:\/\/faberpet.ro\/stage\/wp-json\/wp\/v2\/product\/3658","targetHints":{"allow":["GET"]}}],"collection":[{"href":"https:\/\/faberpet.ro\/stage\/wp-json\/wp\/v2\/product"}],"about":[{"href":"https:\/\/faberpet.ro\/stage\/wp-json\/wp\/v2\/types\/product"}],"wp:featuredmedia":[{"embeddable":true,"href":"https:\/\/faberpet.ro\/stage\/wp-json\/wp\/v2\/media\/8552"}],"wp:attachment":[{"href":"https:\/\/faberpet.ro\/stage\/wp-json\/wp\/v2\/media?parent=3658"}],"wp:term":[{"taxonomy":"product_brand","embeddable":true,"href":"https:\/\/faberpet.ro\/stage\/wp-json\/wp\/v2\/product_brand?post=3658"},{"taxonomy":"product_cat","embeddable":true,"href":"https:\/\/faberpet.ro\/stage\/wp-json\/wp\/v2\/product_cat?post=3658"},{"taxonomy":"product_tag","embeddable":true,"href":"https:\/\/faberpet.ro\/stage\/wp-json\/wp\/v2\/product_tag?post=3658"}],"curies":[{"name":"wp","href":"https:\/\/api.w.org\/{rel}","templated":true}]}}