{"id":3660,"date":"2024-10-21T20:30:50","date_gmt":"2024-10-21T17:30:50","guid":{"rendered":"https:\/\/faberpet.ro\/stage\/produs\/hranitor-automat-acvariu-pentru-pesti\/"},"modified":"2025-08-01T08:30:34","modified_gmt":"2025-08-01T06:30:34","slug":"hranitor-automat-acvariu-pentru-pesti","status":"publish","type":"product","link":"https:\/\/faberpet.ro\/stage\/produs\/hranitor-automat-acvariu-pentru-pesti\/","title":{"rendered":"Hranitor automat acvariu pentru 2 mese"},"content":{"rendered":"<p>Hr\u0103nitor automat pentru acvariu potrivit pentru administrarea a 2 mese \u00eentr- un interval de 24 ore. este potrivit pentru hran\u0103 de pe\u0219te cu dimensiuni mici. Cronometru \u00eencorporat p\u00e2n\u0103 la 2 ori de alimentare pe zi. Ideal pentru diverse dimensiuni de acvarii, cu op\u021biuni de a plasa hr\u0103nitorul deasupra acvariului, independent sau montat pe capac. Alimentator (+) (- ).<\/p>\n<p>Func\u021bioneaz\u0103 cu o baterie AA.<\/p>\n<p>Bateria nu este inclus \u00een pachet!<\/p>\n","protected":false},"excerpt":{"rendered":"<p>Hr\u0103nitor automat pentru acvariu potrivit pentru administrarea a 2 mese \u00eentr- un interval de 24 ore. este potrivit pentru hran\u0103 de pe\u0219te cu dimensiuni mici. Cronometru \u00eencorporat p\u00e2n\u0103 la 2 ori de alimentare pe zi. Ideal pentru diverse dimensiuni de acvarii, cu op\u021biuni de a plasa hr\u0103nitorul deasupra acvariului, independent sau montat pe capac. Alimentator [&hellip;]<\/p>\n","protected":false},"featured_media":8554,"template":"","meta":[],"product_brand":[],"product_cat":[61,387,397],"product_tag":[452,450,451],"class_list":{"0":"post-3660","1":"product","2":"type-product","3":"status-publish","4":"has-post-thumbnail","6":"product_cat-acvaristica","7":"product_cat-echipamente-de-intretinere","8":"product_cat-elemente-filtrante","9":"product_tag-hranitor-automat","10":"product_tag-hranitor-automat-pesti","11":"product_tag-hranitor-pesti","13":"first","14":"instock","15":"shipping-taxable","16":"purchasable","17":"product-type-simple"},"_links":{"self":[{"href":"https:\/\/faberpet.ro\/stage\/wp-json\/wp\/v2\/product\/3660","targetHints":{"allow":["GET"]}}],"collection":[{"href":"https:\/\/faberpet.ro\/stage\/wp-json\/wp\/v2\/product"}],"about":[{"href":"https:\/\/faberpet.ro\/stage\/wp-json\/wp\/v2\/types\/product"}],"wp:featuredmedia":[{"embeddable":true,"href":"https:\/\/faberpet.ro\/stage\/wp-json\/wp\/v2\/media\/8554"}],"wp:attachment":[{"href":"https:\/\/faberpet.ro\/stage\/wp-json\/wp\/v2\/media?parent=3660"}],"wp:term":[{"taxonomy":"product_brand","embeddable":true,"href":"https:\/\/faberpet.ro\/stage\/wp-json\/wp\/v2\/product_brand?post=3660"},{"taxonomy":"product_cat","embeddable":true,"href":"https:\/\/faberpet.ro\/stage\/wp-json\/wp\/v2\/product_cat?post=3660"},{"taxonomy":"product_tag","embeddable":true,"href":"https:\/\/faberpet.ro\/stage\/wp-json\/wp\/v2\/product_tag?post=3660"}],"curies":[{"name":"wp","href":"https:\/\/api.w.org\/{rel}","templated":true}]}}