{"id":3667,"date":"2024-10-21T20:30:52","date_gmt":"2024-10-21T17:30:52","guid":{"rendered":"https:\/\/faberpet.ro\/stage\/produs\/set-de-4-pietre-aer-cilindric-acvariu-25x15-mm\/"},"modified":"2025-08-01T08:33:01","modified_gmt":"2025-08-01T06:33:01","slug":"set-de-4-pietre-aer-cilindric-acvariu-25x15-mm","status":"publish","type":"product","link":"https:\/\/faberpet.ro\/stage\/produs\/set-de-4-pietre-aer-cilindric-acvariu-25x15-mm\/","title":{"rendered":"Set de 4 pietre aer cilindric acvariu 25&#215;15 mm"},"content":{"rendered":"<p>Oxigenarea apei \u00een acvariu se realizeaz\u0103 mult mai u\u0219or cu aceste pietre de aer. Fiecare piatr\u0103 de aer de acvariu din acest set are un diametru de 15 mm \u0219i o lungime de 25 mm. Piatra fabricat\u0103 din nisip cuar\u021bos cu pori extra fini pentru bule de aer fine. Se conecteaz\u0103 la pomp\u0103 de aer sau compresor. Intrare: 4 mm. Se vinde ambalat c\u00e2te 4 buc\/set! Pre\u021bul afi\u0219at este per set!<\/p>\n","protected":false},"excerpt":{"rendered":"<p>Oxigenarea apei \u00een acvariu se realizeaz\u0103 mult mai u\u0219or cu aceste pietre de aer. Fiecare piatr\u0103 de aer de acvariu din acest set are un diametru de 15 mm \u0219i o lungime de 25 mm. Piatra fabricat\u0103 din nisip cuar\u021bos cu pori extra fini pentru bule de aer fine. Se conecteaz\u0103 la pomp\u0103 de aer [&hellip;]<\/p>\n","protected":false},"featured_media":8561,"template":"","meta":[],"product_brand":[],"product_cat":[306,61,350],"product_tag":[467,464,465],"class_list":{"0":"post-3667","1":"product","2":"type-product","3":"status-publish","4":"has-post-thumbnail","6":"product_cat-accesorii-acvarii","7":"product_cat-acvaristica","8":"product_cat-furtunuri-si-pietre-de-aer","9":"product_tag-pietre-boyu","10":"product_tag-set-de-piatra-aer","11":"product_tag-set-pietre-aer-acvarii","13":"first","14":"instock","15":"shipping-taxable","16":"purchasable","17":"product-type-simple"},"_links":{"self":[{"href":"https:\/\/faberpet.ro\/stage\/wp-json\/wp\/v2\/product\/3667","targetHints":{"allow":["GET"]}}],"collection":[{"href":"https:\/\/faberpet.ro\/stage\/wp-json\/wp\/v2\/product"}],"about":[{"href":"https:\/\/faberpet.ro\/stage\/wp-json\/wp\/v2\/types\/product"}],"wp:featuredmedia":[{"embeddable":true,"href":"https:\/\/faberpet.ro\/stage\/wp-json\/wp\/v2\/media\/8561"}],"wp:attachment":[{"href":"https:\/\/faberpet.ro\/stage\/wp-json\/wp\/v2\/media?parent=3667"}],"wp:term":[{"taxonomy":"product_brand","embeddable":true,"href":"https:\/\/faberpet.ro\/stage\/wp-json\/wp\/v2\/product_brand?post=3667"},{"taxonomy":"product_cat","embeddable":true,"href":"https:\/\/faberpet.ro\/stage\/wp-json\/wp\/v2\/product_cat?post=3667"},{"taxonomy":"product_tag","embeddable":true,"href":"https:\/\/faberpet.ro\/stage\/wp-json\/wp\/v2\/product_tag?post=3667"}],"curies":[{"name":"wp","href":"https:\/\/api.w.org\/{rel}","templated":true}]}}