{"id":3675,"date":"2024-10-21T20:30:53","date_gmt":"2024-10-21T17:30:53","guid":{"rendered":"https:\/\/faberpet.ro\/stage\/produs\/piatra-aer-cu-forma-scoica-mare-10-cm\/"},"modified":"2025-08-01T08:35:34","modified_gmt":"2025-08-01T06:35:34","slug":"piatra-aer-cu-forma-scoica-mare-10-cm","status":"publish","type":"product","link":"https:\/\/faberpet.ro\/stage\/produs\/piatra-aer-cu-forma-scoica-mare-10-cm\/","title":{"rendered":"Piatra aer cu forma scoica mare 10 cm"},"content":{"rendered":"<p>Piatra aer pentru oxigenarea apei pentru acvarii. Piatra fabricat\u0103 din nisip cuar\u021bos cu pori extra fini pentru bule de aer fine. Forma de disc asigur\u0103 aerarea unui volum de ap\u0103 mare datorit\u0103 dimensiunii acestei pietre de aer \u00een compara\u021bie cu ceilal\u021bi difuzori de aer pe care noi \u00eei comercializ\u0103m. Se conecteaz\u0103 la pomp\u0103 de aer sau compresor. Pute\u021bi folosi ca decor pe fundul apei. Intrare: 4 sau 8 mm Diametrul pietrei de aer: 10 cm<\/p>\n","protected":false},"excerpt":{"rendered":"<p>Piatra aer pentru oxigenarea apei pentru acvarii. Piatra fabricat\u0103 din nisip cuar\u021bos cu pori extra fini pentru bule de aer fine. Forma de disc asigur\u0103 aerarea unui volum de ap\u0103 mare datorit\u0103 dimensiunii acestei pietre de aer \u00een compara\u021bie cu ceilal\u021bi difuzori de aer pe care noi \u00eei comercializ\u0103m. Se conecteaz\u0103 la pomp\u0103 de aer [&hellip;]<\/p>\n","protected":false},"featured_media":8575,"template":"","meta":[],"product_brand":[],"product_cat":[306,61,350],"product_tag":[479,411,480],"class_list":{"0":"post-3675","1":"product","2":"type-product","3":"status-publish","4":"has-post-thumbnail","6":"product_cat-accesorii-acvarii","7":"product_cat-acvaristica","8":"product_cat-furtunuri-si-pietre-de-aer","9":"product_tag-acvariu-piatra","10":"product_tag-aer-pentru-acvarii","11":"product_tag-piatra-scoica","13":"first","14":"instock","15":"shipping-taxable","16":"purchasable","17":"product-type-simple"},"_links":{"self":[{"href":"https:\/\/faberpet.ro\/stage\/wp-json\/wp\/v2\/product\/3675","targetHints":{"allow":["GET"]}}],"collection":[{"href":"https:\/\/faberpet.ro\/stage\/wp-json\/wp\/v2\/product"}],"about":[{"href":"https:\/\/faberpet.ro\/stage\/wp-json\/wp\/v2\/types\/product"}],"wp:featuredmedia":[{"embeddable":true,"href":"https:\/\/faberpet.ro\/stage\/wp-json\/wp\/v2\/media\/8575"}],"wp:attachment":[{"href":"https:\/\/faberpet.ro\/stage\/wp-json\/wp\/v2\/media?parent=3675"}],"wp:term":[{"taxonomy":"product_brand","embeddable":true,"href":"https:\/\/faberpet.ro\/stage\/wp-json\/wp\/v2\/product_brand?post=3675"},{"taxonomy":"product_cat","embeddable":true,"href":"https:\/\/faberpet.ro\/stage\/wp-json\/wp\/v2\/product_cat?post=3675"},{"taxonomy":"product_tag","embeddable":true,"href":"https:\/\/faberpet.ro\/stage\/wp-json\/wp\/v2\/product_tag?post=3675"}],"curies":[{"name":"wp","href":"https:\/\/api.w.org\/{rel}","templated":true}]}}