{"id":3679,"date":"2024-10-21T20:30:53","date_gmt":"2024-10-21T17:30:53","guid":{"rendered":"https:\/\/faberpet.ro\/stage\/produs\/rezerva-de-burete-pt-acvariu-patrat-5x510-5-15-cm\/"},"modified":"2025-08-01T08:37:04","modified_gmt":"2025-08-01T06:37:04","slug":"rezerva-de-burete-pt-acvariu-patrat-5x510-5-15-cm","status":"publish","type":"product","link":"https:\/\/faberpet.ro\/stage\/produs\/rezerva-de-burete-pt-acvariu-patrat-5x510-5-15-cm\/","title":{"rendered":"Rezerva de burete pt acvariu,  patrat 5&#215;5*10\/1,6 cm"},"content":{"rendered":"<p>Rezerv\u0103 de burete intern. Asigur\u0103 o filtrare biomecanic\u0103 \u0219i nu creeaz\u0103 curen\u021bi mari de ap\u0103. Perfect potrivit pentru acvariile de cre\u0219tere, acvariile de carantin\u0103, acvarii mici, etc. . .<\/p>\n<p>Dimensiuni: 5x5x10 cm;<\/p>\n<p>Gaura buretei 1.6 cm;<\/p>\n","protected":false},"excerpt":{"rendered":"<p>Rezerv\u0103 de burete intern. Asigur\u0103 o filtrare biomecanic\u0103 \u0219i nu creeaz\u0103 curen\u021bi mari de ap\u0103. Perfect potrivit pentru acvariile de cre\u0219tere, acvariile de carantin\u0103, acvarii mici, etc. . . Dimensiuni: 5x5x10 cm; Gaura buretei 1.6 cm;<\/p>\n","protected":false},"featured_media":8580,"template":"","meta":[],"product_brand":[],"product_cat":[61,488,387],"product_tag":[486,487,485],"class_list":{"0":"post-3679","1":"product","2":"type-product","3":"status-publish","4":"has-post-thumbnail","6":"product_cat-acvaristica","7":"product_cat-bureti-si-filtre-cu-burete","8":"product_cat-echipamente-de-intretinere","9":"product_tag-filtru-apa-rezerva","10":"product_tag-rezerva-burete-mica","11":"product_tag-rezerva-burete-pentru-filtru","13":"first","14":"instock","15":"shipping-taxable","16":"purchasable","17":"product-type-simple"},"_links":{"self":[{"href":"https:\/\/faberpet.ro\/stage\/wp-json\/wp\/v2\/product\/3679","targetHints":{"allow":["GET"]}}],"collection":[{"href":"https:\/\/faberpet.ro\/stage\/wp-json\/wp\/v2\/product"}],"about":[{"href":"https:\/\/faberpet.ro\/stage\/wp-json\/wp\/v2\/types\/product"}],"wp:featuredmedia":[{"embeddable":true,"href":"https:\/\/faberpet.ro\/stage\/wp-json\/wp\/v2\/media\/8580"}],"wp:attachment":[{"href":"https:\/\/faberpet.ro\/stage\/wp-json\/wp\/v2\/media?parent=3679"}],"wp:term":[{"taxonomy":"product_brand","embeddable":true,"href":"https:\/\/faberpet.ro\/stage\/wp-json\/wp\/v2\/product_brand?post=3679"},{"taxonomy":"product_cat","embeddable":true,"href":"https:\/\/faberpet.ro\/stage\/wp-json\/wp\/v2\/product_cat?post=3679"},{"taxonomy":"product_tag","embeddable":true,"href":"https:\/\/faberpet.ro\/stage\/wp-json\/wp\/v2\/product_tag?post=3679"}],"curies":[{"name":"wp","href":"https:\/\/api.w.org\/{rel}","templated":true}]}}