{"id":3684,"date":"2024-10-21T20:30:54","date_gmt":"2024-10-21T17:30:54","guid":{"rendered":"https:\/\/faberpet.ro\/stage\/produs\/rezerva-de-burete-pt-acvariu-patrat-6x6x17-14-cm\/"},"modified":"2025-08-01T08:39:28","modified_gmt":"2025-08-01T06:39:28","slug":"rezerva-de-burete-pt-acvariu-patrat-6x6x17-14-cm","status":"publish","type":"product","link":"https:\/\/faberpet.ro\/stage\/produs\/rezerva-de-burete-pt-acvariu-patrat-6x6x17-14-cm\/","title":{"rendered":"Rezerva de burete pt. acvariu, patrat 6x6x17 \u00d81,4 cm"},"content":{"rendered":"<p>Rezerv\u0103 de burete intern. Asigur\u0103 o filtrare biomecanic\u0103 \u0219i nu creeaz\u0103 curen\u021bi mari de ap\u0103. Perfect potrivit pentru acvariile de cre\u0219tere, acvariile de carantin\u0103, acvarii mici, etc. . . Suficient pentru filtrarea unui acvariu de 30 litri. Dimensiuni: 6x6x17 cm Gaura buretei 1, 4 cm.<\/p>\n","protected":false},"excerpt":{"rendered":"<p>Rezerv\u0103 de burete intern. Asigur\u0103 o filtrare biomecanic\u0103 \u0219i nu creeaz\u0103 curen\u021bi mari de ap\u0103. Perfect potrivit pentru acvariile de cre\u0219tere, acvariile de carantin\u0103, acvarii mici, etc. . . Suficient pentru filtrarea unui acvariu de 30 litri. Dimensiuni: 6x6x17 cm Gaura buretei 1, 4 cm.<\/p>\n","protected":false},"featured_media":8585,"template":"","meta":[],"product_brand":[],"product_cat":[61,488,387],"product_tag":[423,494,495],"class_list":{"0":"post-3684","1":"product","2":"type-product","3":"status-publish","4":"has-post-thumbnail","6":"product_cat-acvaristica","7":"product_cat-bureti-si-filtre-cu-burete","8":"product_cat-echipamente-de-intretinere","9":"product_tag-accesoriu-acvaristica","10":"product_tag-burete-de-rezerva","11":"product_tag-rezerva-burete-pentru-acvarii","13":"first","14":"instock","15":"shipping-taxable","16":"purchasable","17":"product-type-simple"},"_links":{"self":[{"href":"https:\/\/faberpet.ro\/stage\/wp-json\/wp\/v2\/product\/3684","targetHints":{"allow":["GET"]}}],"collection":[{"href":"https:\/\/faberpet.ro\/stage\/wp-json\/wp\/v2\/product"}],"about":[{"href":"https:\/\/faberpet.ro\/stage\/wp-json\/wp\/v2\/types\/product"}],"wp:featuredmedia":[{"embeddable":true,"href":"https:\/\/faberpet.ro\/stage\/wp-json\/wp\/v2\/media\/8585"}],"wp:attachment":[{"href":"https:\/\/faberpet.ro\/stage\/wp-json\/wp\/v2\/media?parent=3684"}],"wp:term":[{"taxonomy":"product_brand","embeddable":true,"href":"https:\/\/faberpet.ro\/stage\/wp-json\/wp\/v2\/product_brand?post=3684"},{"taxonomy":"product_cat","embeddable":true,"href":"https:\/\/faberpet.ro\/stage\/wp-json\/wp\/v2\/product_cat?post=3684"},{"taxonomy":"product_tag","embeddable":true,"href":"https:\/\/faberpet.ro\/stage\/wp-json\/wp\/v2\/product_tag?post=3684"}],"curies":[{"name":"wp","href":"https:\/\/api.w.org\/{rel}","templated":true}]}}