{"id":3690,"date":"2024-10-21T20:30:54","date_gmt":"2024-10-21T17:30:54","guid":{"rendered":"https:\/\/faberpet.ro\/stage\/produs\/rezerva-de-burete-pentru-acvariu-patrat-8x8x15-13-cm\/"},"modified":"2025-07-31T07:08:11","modified_gmt":"2025-07-31T05:08:11","slug":"rezerva-de-burete-pentru-acvariu-patrat-8x8x15-13-cm","status":"publish","type":"product","link":"https:\/\/faberpet.ro\/stage\/produs\/rezerva-de-burete-pentru-acvariu-patrat-8x8x15-13-cm\/","title":{"rendered":"Rezerva de burete pentru acvariu, patrat 8x8x15\/1,3 cm"},"content":{"rendered":"<p>Rezerv\u0103 de burete intern. Asigur\u0103 o filtrare biomecanic\u0103 \u0219i nu creeaz\u0103 curen\u021bi mari de ap\u0103. Perfect potrivit pentru acvariile de cre\u0219tere, acvariile de carantin\u0103, acvarii mici, etc. . . Suficient pentru filtrarea unui acvariu de 50 litri. Gaura buretei: 1. 3 cm. Dimensiuni: 8x8x15 cm.<\/p>\n","protected":false},"excerpt":{"rendered":"<p>Rezerv\u0103 de burete intern. Asigur\u0103 o filtrare biomecanic\u0103 \u0219i nu creeaz\u0103 curen\u021bi mari de ap\u0103. Perfect potrivit pentru acvariile de cre\u0219tere, acvariile de carantin\u0103, acvarii mici, etc. . . Suficient pentru filtrarea unui acvariu de 50 litri. Gaura buretei: 1. 3 cm. Dimensiuni: 8x8x15 cm.<\/p>\n","protected":false},"featured_media":8591,"template":"","meta":[],"product_brand":[],"product_cat":[61,488,387],"product_tag":[500,499,501],"class_list":{"0":"post-3690","1":"product","2":"type-product","3":"status-publish","4":"has-post-thumbnail","6":"product_cat-acvaristica","7":"product_cat-bureti-si-filtre-cu-burete","8":"product_cat-echipamente-de-intretinere","9":"product_tag-burete-de-acvarii","10":"product_tag-burete-rezerve-acvariu","11":"product_tag-panzi-mare","13":"first","14":"outofstock","15":"shipping-taxable","16":"purchasable","17":"product-type-simple"},"_links":{"self":[{"href":"https:\/\/faberpet.ro\/stage\/wp-json\/wp\/v2\/product\/3690","targetHints":{"allow":["GET"]}}],"collection":[{"href":"https:\/\/faberpet.ro\/stage\/wp-json\/wp\/v2\/product"}],"about":[{"href":"https:\/\/faberpet.ro\/stage\/wp-json\/wp\/v2\/types\/product"}],"wp:featuredmedia":[{"embeddable":true,"href":"https:\/\/faberpet.ro\/stage\/wp-json\/wp\/v2\/media\/8591"}],"wp:attachment":[{"href":"https:\/\/faberpet.ro\/stage\/wp-json\/wp\/v2\/media?parent=3690"}],"wp:term":[{"taxonomy":"product_brand","embeddable":true,"href":"https:\/\/faberpet.ro\/stage\/wp-json\/wp\/v2\/product_brand?post=3690"},{"taxonomy":"product_cat","embeddable":true,"href":"https:\/\/faberpet.ro\/stage\/wp-json\/wp\/v2\/product_cat?post=3690"},{"taxonomy":"product_tag","embeddable":true,"href":"https:\/\/faberpet.ro\/stage\/wp-json\/wp\/v2\/product_tag?post=3690"}],"curies":[{"name":"wp","href":"https:\/\/api.w.org\/{rel}","templated":true}]}}