{"id":3696,"date":"2024-10-21T20:30:56","date_gmt":"2024-10-21T17:30:56","guid":{"rendered":"https:\/\/faberpet.ro\/stage\/produs\/filtru-burete-simplu-pentru-acvariu-patrat-7x7x20-cm-cu-ventuza\/"},"modified":"2025-08-01T08:42:00","modified_gmt":"2025-08-01T06:42:00","slug":"filtru-burete-simplu-pentru-acvariu-patrat-7x7x20-cm-cu-ventuza","status":"publish","type":"product","link":"https:\/\/faberpet.ro\/stage\/produs\/filtru-burete-simplu-pentru-acvariu-patrat-7x7x20-cm-cu-ventuza\/","title":{"rendered":"Filtru burete simplu pentru acvariu, patrat 7x7x20 cm cu ventuza"},"content":{"rendered":"<p>Filtru intern de burete cu ventuz\u0103 pentru acvarii de ap\u0103 dulce. Asigur\u0103 o filtrare biomecanic\u0103 \u0219i nu creeaz\u0103 curen\u021bi mari de ap\u0103. Perfect potrivit pentru acvariile de cre\u0219tere, acvariile de carantin\u0103, acvarii mici. Suficient pentru filtrarea unui acvariu de 50 litri. Prinderea pe acvariu se realizeaz\u0103 cu ajutorul ventuzei. Dimensiuni: 20x7x7 cm.<\/p>\n","protected":false},"excerpt":{"rendered":"<p>Filtru intern de burete cu ventuz\u0103 pentru acvarii de ap\u0103 dulce. Asigur\u0103 o filtrare biomecanic\u0103 \u0219i nu creeaz\u0103 curen\u021bi mari de ap\u0103. Perfect potrivit pentru acvariile de cre\u0219tere, acvariile de carantin\u0103, acvarii mici. Suficient pentru filtrarea unui acvariu de 50 litri. Prinderea pe acvariu se realizeaz\u0103 cu ajutorul ventuzei. Dimensiuni: 20x7x7 cm.<\/p>\n","protected":false},"featured_media":8598,"template":"","meta":[],"product_brand":[],"product_cat":[61,488,387],"product_tag":[510,509,508],"class_list":{"0":"post-3696","1":"product","2":"type-product","3":"status-publish","4":"has-post-thumbnail","6":"product_cat-acvaristica","7":"product_cat-bureti-si-filtre-cu-burete","8":"product_cat-echipamente-de-intretinere","9":"product_tag-filtre-apa-acvariu","10":"product_tag-filtru-acvariu-intern","11":"product_tag-filtru-burete-acvariu","13":"first","14":"instock","15":"shipping-taxable","16":"purchasable","17":"product-type-simple"},"_links":{"self":[{"href":"https:\/\/faberpet.ro\/stage\/wp-json\/wp\/v2\/product\/3696","targetHints":{"allow":["GET"]}}],"collection":[{"href":"https:\/\/faberpet.ro\/stage\/wp-json\/wp\/v2\/product"}],"about":[{"href":"https:\/\/faberpet.ro\/stage\/wp-json\/wp\/v2\/types\/product"}],"wp:featuredmedia":[{"embeddable":true,"href":"https:\/\/faberpet.ro\/stage\/wp-json\/wp\/v2\/media\/8598"}],"wp:attachment":[{"href":"https:\/\/faberpet.ro\/stage\/wp-json\/wp\/v2\/media?parent=3696"}],"wp:term":[{"taxonomy":"product_brand","embeddable":true,"href":"https:\/\/faberpet.ro\/stage\/wp-json\/wp\/v2\/product_brand?post=3696"},{"taxonomy":"product_cat","embeddable":true,"href":"https:\/\/faberpet.ro\/stage\/wp-json\/wp\/v2\/product_cat?post=3696"},{"taxonomy":"product_tag","embeddable":true,"href":"https:\/\/faberpet.ro\/stage\/wp-json\/wp\/v2\/product_tag?post=3696"}],"curies":[{"name":"wp","href":"https:\/\/api.w.org\/{rel}","templated":true}]}}