{"id":3699,"date":"2024-10-21T20:30:56","date_gmt":"2024-10-21T17:30:56","guid":{"rendered":"https:\/\/faberpet.ro\/stage\/produs\/filtru-burete-cu-teava-xy-2830\/"},"modified":"2025-08-01T08:42:45","modified_gmt":"2025-08-01T06:42:45","slug":"filtru-burete-cu-teava-xy-2830","status":"publish","type":"product","link":"https:\/\/faberpet.ro\/stage\/produs\/filtru-burete-cu-teava-xy-2830\/","title":{"rendered":"Filtru burete cu teava XY-2830"},"content":{"rendered":"<p>Filtru intern de burete pentru acvariile de ap\u0103 dulce de maximum 30- 40 litri. Asigur\u0103 o filtrare mecanic\u0103 \u0219i biologic\u0103 de calitate prin suprafa\u021ba mare de filtrare. Materialul filtrant este construit dintr- un burete special ce nu con\u021bine fenoli. Func\u021bioneaz\u0103 cu furtun la o pomp\u0103 de aer. Prinderea pe acvariu se realizeaz\u0103 cu ajutorul ventuzei.<\/p>\n<ul>\n<li><strong>\u00cen\u0103l\u021bime<\/strong>: 11 &#8211; 19 cm<\/li>\n<li><strong>Diametru burete<\/strong>: 5 cm<\/li>\n<\/ul>\n<p>\u00cenainte de a- l pune \u00een func\u021biune l\u0103sa\u021bi- l \u00een apa acvariului timp de 5 minute f\u0103r\u0103 a pune \u00een func\u021biune. Pe toat\u0103 durata folosirii a filtrului, este obligatoriu de a sp\u0103la buretele filtrului \u00een urma schimbului par\u021bial sau total de ap\u0103.<\/p>\n","protected":false},"excerpt":{"rendered":"<p>Filtru intern de burete pentru acvariile de ap\u0103 dulce de maximum 30- 40 litri. Asigur\u0103 o filtrare mecanic\u0103 \u0219i biologic\u0103 de calitate prin suprafa\u021ba mare de filtrare. Materialul filtrant este construit dintr- un burete special ce nu con\u021bine fenoli. Func\u021bioneaz\u0103 cu furtun la o pomp\u0103 de aer. Prinderea pe acvariu se realizeaz\u0103 cu ajutorul ventuzei. [&hellip;]<\/p>\n","protected":false},"featured_media":13274,"template":"","meta":[],"product_brand":[],"product_cat":[61,488,387],"product_tag":[515,514,513],"class_list":{"0":"post-3699","1":"product","2":"type-product","3":"status-publish","4":"has-post-thumbnail","6":"product_cat-acvaristica","7":"product_cat-bureti-si-filtre-cu-burete","8":"product_cat-echipamente-de-intretinere","9":"product_tag-bureti-pentru-acvarii","10":"product_tag-filtre-de-rezerva-acvariu","11":"product_tag-filtru-burete-simplu","13":"first","14":"instock","15":"shipping-taxable","16":"purchasable","17":"product-type-simple"},"_links":{"self":[{"href":"https:\/\/faberpet.ro\/stage\/wp-json\/wp\/v2\/product\/3699","targetHints":{"allow":["GET"]}}],"collection":[{"href":"https:\/\/faberpet.ro\/stage\/wp-json\/wp\/v2\/product"}],"about":[{"href":"https:\/\/faberpet.ro\/stage\/wp-json\/wp\/v2\/types\/product"}],"wp:featuredmedia":[{"embeddable":true,"href":"https:\/\/faberpet.ro\/stage\/wp-json\/wp\/v2\/media\/13274"}],"wp:attachment":[{"href":"https:\/\/faberpet.ro\/stage\/wp-json\/wp\/v2\/media?parent=3699"}],"wp:term":[{"taxonomy":"product_brand","embeddable":true,"href":"https:\/\/faberpet.ro\/stage\/wp-json\/wp\/v2\/product_brand?post=3699"},{"taxonomy":"product_cat","embeddable":true,"href":"https:\/\/faberpet.ro\/stage\/wp-json\/wp\/v2\/product_cat?post=3699"},{"taxonomy":"product_tag","embeddable":true,"href":"https:\/\/faberpet.ro\/stage\/wp-json\/wp\/v2\/product_tag?post=3699"}],"curies":[{"name":"wp","href":"https:\/\/api.w.org\/{rel}","templated":true}]}}