{"id":3706,"date":"2024-10-21T20:30:57","date_gmt":"2024-10-21T17:30:57","guid":{"rendered":"https:\/\/faberpet.ro\/stage\/produs\/filtru-acvariu-de-burete-cu-talpa-e-jet-104\/"},"modified":"2025-08-01T08:44:27","modified_gmt":"2025-08-01T06:44:27","slug":"filtru-acvariu-de-burete-cu-talpa-e-jet-104","status":"publish","type":"product","link":"https:\/\/faberpet.ro\/stage\/produs\/filtru-acvariu-de-burete-cu-talpa-e-jet-104\/","title":{"rendered":"Filtru acvariu de burete cu talpa \u00d812 XY-380"},"content":{"rendered":"<p>Un filtru de acvariu din burete cu ce- l va \u021bine \u00eentotdeauna pozi\u021bionat pe fundul acvariului. Pentru montare filtru intern acvariu nu este necesar\u0103 dec\u00e2t conectarea acestuia la o pomp\u0103 de aer \u0219i imersarea \u00een masa apei acvariului. Func\u021bioneaz\u0103 cu furtun la o pomp\u0103 de aer. Se aplic\u0103 la diferite sisteme de filtrare ca unitate de prefiltrare. Baza filtrului este grea \u0219i permite pozi\u021bionarea filtrului \u00een acvariu f\u0103r\u0103 ventuze sau alte sisteme de fixare. Filtrele de burete asigur\u0103 o filtrare mecanic\u0103 \u0219i biologic\u0103 adecvat\u0103. \u021aeava de evacuare poate fi scurtat\u0103 prin t\u0103iere. Pentru acvarii cu volume cuprinse \u00een intervalul 45- 150 litri.<\/p>\n<p>\u00cen\u0103l\u021bime: 11 cm.<\/p>\n<p>Diametru: 12 cm.<\/p>\n<p>\u00cen\u0103l\u021bimea incl. \u021beav\u0103 de evacuare ap\u0103: 20 cm. \u00cenainte de a- l pune \u00een func\u021biune l\u0103sa\u021bi- l \u00een apa acvariului timp de 5 minute f\u0103r\u0103 a pune \u00een func\u021biune. Pe toat\u0103 durata folosirii a filtrului, este obligatoriu de a sp\u0103la buretele filtrului \u00een urma schimbului par\u021bial sau total de ap\u0103.<\/p>\n","protected":false},"excerpt":{"rendered":"<p>Un filtru de acvariu din burete cu ce- l va \u021bine \u00eentotdeauna pozi\u021bionat pe fundul acvariului. Pentru montare filtru intern acvariu nu este necesar\u0103 dec\u00e2t conectarea acestuia la o pomp\u0103 de aer \u0219i imersarea \u00een masa apei acvariului. Func\u021bioneaz\u0103 cu furtun la o pomp\u0103 de aer. Se aplic\u0103 la diferite sisteme de filtrare ca unitate [&hellip;]<\/p>\n","protected":false},"featured_media":13497,"template":"","meta":[],"product_brand":[],"product_cat":[61,488,387],"product_tag":[526,527,509],"class_list":{"0":"post-3706","1":"product","2":"type-product","3":"status-publish","4":"has-post-thumbnail","6":"product_cat-acvaristica","7":"product_cat-bureti-si-filtre-cu-burete","8":"product_cat-echipamente-de-intretinere","9":"product_tag-burete-cu-filtru","10":"product_tag-e-jet-104","11":"product_tag-filtru-acvariu-intern","13":"first","14":"instock","15":"shipping-taxable","16":"purchasable","17":"product-type-simple"},"_links":{"self":[{"href":"https:\/\/faberpet.ro\/stage\/wp-json\/wp\/v2\/product\/3706","targetHints":{"allow":["GET"]}}],"collection":[{"href":"https:\/\/faberpet.ro\/stage\/wp-json\/wp\/v2\/product"}],"about":[{"href":"https:\/\/faberpet.ro\/stage\/wp-json\/wp\/v2\/types\/product"}],"wp:featuredmedia":[{"embeddable":true,"href":"https:\/\/faberpet.ro\/stage\/wp-json\/wp\/v2\/media\/13497"}],"wp:attachment":[{"href":"https:\/\/faberpet.ro\/stage\/wp-json\/wp\/v2\/media?parent=3706"}],"wp:term":[{"taxonomy":"product_brand","embeddable":true,"href":"https:\/\/faberpet.ro\/stage\/wp-json\/wp\/v2\/product_brand?post=3706"},{"taxonomy":"product_cat","embeddable":true,"href":"https:\/\/faberpet.ro\/stage\/wp-json\/wp\/v2\/product_cat?post=3706"},{"taxonomy":"product_tag","embeddable":true,"href":"https:\/\/faberpet.ro\/stage\/wp-json\/wp\/v2\/product_tag?post=3706"}],"curies":[{"name":"wp","href":"https:\/\/api.w.org\/{rel}","templated":true}]}}