{"id":3714,"date":"2024-10-21T20:30:58","date_gmt":"2024-10-21T17:30:58","guid":{"rendered":"https:\/\/faberpet.ro\/stage\/produs\/cartus-de-rezerva-cu-burete-pentru-filtre-boyu\/"},"modified":"2025-08-01T08:46:37","modified_gmt":"2025-08-01T06:46:37","slug":"cartus-de-rezerva-cu-burete-pentru-filtre-boyu","status":"publish","type":"product","link":"https:\/\/faberpet.ro\/stage\/produs\/cartus-de-rezerva-cu-burete-pentru-filtre-boyu\/","title":{"rendered":"Cartus de rezerva cu burete pentru filtre BOYU"},"content":{"rendered":"<p>C\u0103rtu\u0219 intern pentru acvariu ce con\u021bine ca material filtrant un tip de burete special conceput pentru acvariu, capabil s\u0103 asigure cea mai bun\u0103 filtrare si cel mai bun suport pentru bacteriile denitrificatoare far\u0103 de care nu se poate realiza filtrarea unui acvariu. Rezerv\u0103 pentru \u00eenlocuit sau suplimentat cartu\u0219ele filtrante ale filtrelor BOYU. Dimensiuni: 10&#215;8 cm<\/p>\n<p><strong>ATEN\u021aIE!<\/strong> \u021aeava cu g\u0103urele din interiorul buretului este prev\u0103zut\u0103 cu un dop \u00eenchiz\u0103tor la cap\u0103t. Acest dop este necesar doar dac\u0103 paharul este folosit ca ultim element. Dac\u0103 se va prelungi cu un alt pahar se va scoate dopul, l\u0103s\u00e2nd liber cap\u0103tul \u021bevii s\u0103 circule apa prin ea!<\/p>\n","protected":false},"excerpt":{"rendered":"<p>C\u0103rtu\u0219 intern pentru acvariu ce con\u021bine ca material filtrant un tip de burete special conceput pentru acvariu, capabil s\u0103 asigure cea mai bun\u0103 filtrare si cel mai bun suport pentru bacteriile denitrificatoare far\u0103 de care nu se poate realiza filtrarea unui acvariu. Rezerv\u0103 pentru \u00eenlocuit sau suplimentat cartu\u0219ele filtrante ale filtrelor BOYU. Dimensiuni: 10&#215;8 cm [&hellip;]<\/p>\n","protected":false},"featured_media":8621,"template":"","meta":[],"product_brand":[],"product_cat":[61,488,387],"product_tag":[540,538,539],"class_list":{"0":"post-3714","1":"product","2":"type-product","3":"status-publish","4":"has-post-thumbnail","6":"product_cat-acvaristica","7":"product_cat-bureti-si-filtre-cu-burete","8":"product_cat-echipamente-de-intretinere","9":"product_tag-cartus-filtru-boyu","10":"product_tag-cartus-rezerva","11":"product_tag-filtru-acvariu","13":"first","14":"instock","15":"shipping-taxable","16":"purchasable","17":"product-type-simple"},"_links":{"self":[{"href":"https:\/\/faberpet.ro\/stage\/wp-json\/wp\/v2\/product\/3714","targetHints":{"allow":["GET"]}}],"collection":[{"href":"https:\/\/faberpet.ro\/stage\/wp-json\/wp\/v2\/product"}],"about":[{"href":"https:\/\/faberpet.ro\/stage\/wp-json\/wp\/v2\/types\/product"}],"wp:featuredmedia":[{"embeddable":true,"href":"https:\/\/faberpet.ro\/stage\/wp-json\/wp\/v2\/media\/8621"}],"wp:attachment":[{"href":"https:\/\/faberpet.ro\/stage\/wp-json\/wp\/v2\/media?parent=3714"}],"wp:term":[{"taxonomy":"product_brand","embeddable":true,"href":"https:\/\/faberpet.ro\/stage\/wp-json\/wp\/v2\/product_brand?post=3714"},{"taxonomy":"product_cat","embeddable":true,"href":"https:\/\/faberpet.ro\/stage\/wp-json\/wp\/v2\/product_cat?post=3714"},{"taxonomy":"product_tag","embeddable":true,"href":"https:\/\/faberpet.ro\/stage\/wp-json\/wp\/v2\/product_tag?post=3714"}],"curies":[{"name":"wp","href":"https:\/\/api.w.org\/{rel}","templated":true}]}}