{"id":3722,"date":"2024-10-21T20:30:59","date_gmt":"2024-10-21T17:30:59","guid":{"rendered":"https:\/\/faberpet.ro\/stage\/produs\/radacina-mopan-la-buc-m-530-630-gr\/"},"modified":"2025-11-28T08:04:27","modified_gmt":"2025-11-28T06:04:27","slug":"radacina-mopan-la-buc-m-530-630-gr","status":"publish","type":"product","link":"https:\/\/faberpet.ro\/stage\/produs\/radacina-mopan-la-buc-m-530-630-gr\/","title":{"rendered":"Radacina Mopani la buc M 530-630 gr"},"content":{"rendered":"<p>R\u0103d\u0103cina din lemnul arborelui de mopani, reprezint\u0103 un decor interesant pentru un acvariu sau terrariu. Datorit\u0103 greut\u0103\u021bi mari a acestui lemn, nu va pluti. este posibil c\u0103 datorit\u0103 concentra\u021biei de tanin s\u0103 coloreze apa. Se va p\u0103stra c\u00e2teva zile \u00eentr- un vas separat cu apa pentru a evita colorarea apei din acvariu. Pentru a gr\u0103bi eliminarea taninului din ap\u0103 se recomand\u0103 s\u0103 se \u00eentroduc\u0103 \u00een filtru Carbune activ. Diverse forme. Selectarea formelor nu este posibil\u0103, depinde de disponibilitatea stocului. Gramaj: 530- 630 gr.<\/p>\n","protected":false},"excerpt":{"rendered":"<p>R\u0103d\u0103cina din lemnul arborelui de mopani, reprezint\u0103 un decor interesant pentru un acvariu sau terrariu. Datorit\u0103 greut\u0103\u021bi mari a acestui lemn, nu va pluti. este posibil c\u0103 datorit\u0103 concentra\u021biei de tanin s\u0103 coloreze apa. Se va p\u0103stra c\u00e2teva zile \u00eentr- un vas separat cu apa pentru a evita colorarea apei din acvariu. Pentru a gr\u0103bi [&hellip;]<\/p>\n","protected":false},"featured_media":8630,"template":"","meta":[],"product_brand":[],"product_cat":[306,61,546],"product_tag":[550,549,543],"class_list":{"0":"post-3722","1":"product","2":"type-product","3":"status-publish","4":"has-post-thumbnail","6":"product_cat-accesorii-acvarii","7":"product_cat-acvaristica","8":"product_cat-ornamente","9":"product_tag-decor-acvarii","10":"product_tag-decor-acvariu","11":"product_tag-ornament-acvariu","13":"first","14":"instock","15":"shipping-taxable","16":"purchasable","17":"product-type-simple"},"_links":{"self":[{"href":"https:\/\/faberpet.ro\/stage\/wp-json\/wp\/v2\/product\/3722","targetHints":{"allow":["GET"]}}],"collection":[{"href":"https:\/\/faberpet.ro\/stage\/wp-json\/wp\/v2\/product"}],"about":[{"href":"https:\/\/faberpet.ro\/stage\/wp-json\/wp\/v2\/types\/product"}],"wp:featuredmedia":[{"embeddable":true,"href":"https:\/\/faberpet.ro\/stage\/wp-json\/wp\/v2\/media\/8630"}],"wp:attachment":[{"href":"https:\/\/faberpet.ro\/stage\/wp-json\/wp\/v2\/media?parent=3722"}],"wp:term":[{"taxonomy":"product_brand","embeddable":true,"href":"https:\/\/faberpet.ro\/stage\/wp-json\/wp\/v2\/product_brand?post=3722"},{"taxonomy":"product_cat","embeddable":true,"href":"https:\/\/faberpet.ro\/stage\/wp-json\/wp\/v2\/product_cat?post=3722"},{"taxonomy":"product_tag","embeddable":true,"href":"https:\/\/faberpet.ro\/stage\/wp-json\/wp\/v2\/product_tag?post=3722"}],"curies":[{"name":"wp","href":"https:\/\/api.w.org\/{rel}","templated":true}]}}