{"id":3726,"date":"2024-10-21T20:30:59","date_gmt":"2024-10-21T17:30:59","guid":{"rendered":"https:\/\/faberpet.ro\/stage\/produs\/decor-acvariu-castel-cu-moara-1411-cm\/"},"modified":"2025-08-01T08:49:39","modified_gmt":"2025-08-01T06:49:39","slug":"decor-acvariu-castel-cu-moara-1411-cm","status":"publish","type":"product","link":"https:\/\/faberpet.ro\/stage\/produs\/decor-acvariu-castel-cu-moara-1411-cm\/","title":{"rendered":"Decor acvariu castel cu moara 14*11 cm"},"content":{"rendered":"<p>Crea\u021bi o lume acvatic\u0103 plin\u0103 de culoare \u0219i imagina\u021bie cu ajutorul decorurilor, care te ajut\u0103 s\u0103 visezi \u00een clipele de relaxare oferite de imaginea acvariului. Pentru a crea o lume de basm \u00een acvariul t\u0103u, decorul este punctul central de atrac\u021bie \u00een jurul c\u0103ruia graviteaz\u0103 toate celelalte elemente din peisajul subacvatic. Pe l\u00e2ng\u0103 aspectul estetic decorul, ornamentul are \u0219i un rol practic: acela de a oferi pe\u0219tilor \u0219i celorlalte vie\u021buitoare marine un ad\u0103post sau loc de refugiu \u00een momentele c\u00e2nd acestea se simt amenin\u021ba\u021bi. Se poate conecta prin tub la pompa de aer a acvariului. Decor realizat din r\u0103\u0219in\u0103 poliesteric\u0103, nu modific\u0103 caracteristicile fizico- chimice ale apei. Prezen\u0163a lui nu modific\u0103 calitatea apei din acvariu. Rezistent la ac\u021biunea apei, poate fi folosit cu succes at\u00e2t \u00een acvariile de ap\u0103 dulce c\u00e2t \u015fi \u00een cele de ap\u0103 s\u0103rat\u0103. Nu con\u021bine substan\u021be toxice pentru pe\u0219ti, plante sau alte vie\u021buitoare acvatice. Lungime decor: 11 cm;\u00cen\u0103l\u021bime: 14 cm;L\u0103\u021bime: 9 cm;<\/p>\n","protected":false},"excerpt":{"rendered":"<p>Crea\u021bi o lume acvatic\u0103 plin\u0103 de culoare \u0219i imagina\u021bie cu ajutorul decorurilor, care te ajut\u0103 s\u0103 visezi \u00een clipele de relaxare oferite de imaginea acvariului. Pentru a crea o lume de basm \u00een acvariul t\u0103u, decorul este punctul central de atrac\u021bie \u00een jurul c\u0103ruia graviteaz\u0103 toate celelalte elemente din peisajul subacvatic. Pe l\u00e2ng\u0103 aspectul estetic [&hellip;]<\/p>\n","protected":false},"featured_media":8636,"template":"","meta":[],"product_brand":[],"product_cat":[306,61,546],"product_tag":[550,549,543],"class_list":{"0":"post-3726","1":"product","2":"type-product","3":"status-publish","4":"has-post-thumbnail","6":"product_cat-accesorii-acvarii","7":"product_cat-acvaristica","8":"product_cat-ornamente","9":"product_tag-decor-acvarii","10":"product_tag-decor-acvariu","11":"product_tag-ornament-acvariu","13":"first","14":"instock","15":"shipping-taxable","16":"purchasable","17":"product-type-simple"},"_links":{"self":[{"href":"https:\/\/faberpet.ro\/stage\/wp-json\/wp\/v2\/product\/3726","targetHints":{"allow":["GET"]}}],"collection":[{"href":"https:\/\/faberpet.ro\/stage\/wp-json\/wp\/v2\/product"}],"about":[{"href":"https:\/\/faberpet.ro\/stage\/wp-json\/wp\/v2\/types\/product"}],"wp:featuredmedia":[{"embeddable":true,"href":"https:\/\/faberpet.ro\/stage\/wp-json\/wp\/v2\/media\/8636"}],"wp:attachment":[{"href":"https:\/\/faberpet.ro\/stage\/wp-json\/wp\/v2\/media?parent=3726"}],"wp:term":[{"taxonomy":"product_brand","embeddable":true,"href":"https:\/\/faberpet.ro\/stage\/wp-json\/wp\/v2\/product_brand?post=3726"},{"taxonomy":"product_cat","embeddable":true,"href":"https:\/\/faberpet.ro\/stage\/wp-json\/wp\/v2\/product_cat?post=3726"},{"taxonomy":"product_tag","embeddable":true,"href":"https:\/\/faberpet.ro\/stage\/wp-json\/wp\/v2\/product_tag?post=3726"}],"curies":[{"name":"wp","href":"https:\/\/api.w.org\/{rel}","templated":true}]}}