{"id":3728,"date":"2024-10-21T20:31:00","date_gmt":"2024-10-21T17:31:00","guid":{"rendered":"https:\/\/faberpet.ro\/stage\/produs\/ornament-acvariu-scafandru-10-cm\/"},"modified":"2025-08-01T08:50:30","modified_gmt":"2025-08-01T06:50:30","slug":"ornament-acvariu-scafandru-10-cm","status":"publish","type":"product","link":"https:\/\/faberpet.ro\/stage\/produs\/ornament-acvariu-scafandru-10-cm\/","title":{"rendered":"Ornament acvariu scafandru 10 cm"},"content":{"rendered":"<p>Pe l\u00e2ng\u0103 aspectul estetic decorul, ornamentul are \u015fi un rol practic: acela de a oferi pe\u015ftilor \u015fi celorlalte vie\u0163uitoare marine un ad\u0103post sau loc de refugiu \u00een momentele c\u00e2nd ace\u015ftea se simt amenin\u0163a\u0163i. Scafandrul se conecteaz\u0103 prin tub la pompa de aer a acvariului. Bulele de aer care ies din mijlocul ornamentului, transform\u0103 acest ornement \u00eentr- un punct de atrac\u0163ie al acvariului t\u0103u. Decor realizat din r\u0103\u015fin\u0103 poliesteric\u0103, nu modific\u0103 caracteristicile fizico- chimice ale apei. Prezen\u0163a lui nu modific\u0103 calitatea apei din acvariu. Rezistent la ac\u0163iunea apei, poate fi folosit cu succes at\u00e2t \u00een acvariile de ap\u0103 dulce c\u00e2t \u015fi \u00een cele de ap\u0103 s\u0103rat\u0103. Nu con\u0163ine substan\u0163e toxice pentru pe\u015fti, plante sau alte vie\u0163uitoare acvatice. \u00cen\u0103l\u0163ime: 10 cm<\/p>\n","protected":false},"excerpt":{"rendered":"<p>Pe l\u00e2ng\u0103 aspectul estetic decorul, ornamentul are \u015fi un rol practic: acela de a oferi pe\u015ftilor \u015fi celorlalte vie\u0163uitoare marine un ad\u0103post sau loc de refugiu \u00een momentele c\u00e2nd ace\u015ftea se simt amenin\u0163a\u0163i. Scafandrul se conecteaz\u0103 prin tub la pompa de aer a acvariului. Bulele de aer care ies din mijlocul ornamentului, transform\u0103 acest ornement [&hellip;]<\/p>\n","protected":false},"featured_media":8638,"template":"","meta":[],"product_brand":[],"product_cat":[306,61,546],"product_tag":[550,553,543],"class_list":{"0":"post-3728","1":"product","2":"type-product","3":"status-publish","4":"has-post-thumbnail","6":"product_cat-accesorii-acvarii","7":"product_cat-acvaristica","8":"product_cat-ornamente","9":"product_tag-decor-acvarii","10":"product_tag-decoruri-pentru-acvarii","11":"product_tag-ornament-acvariu","13":"first","14":"instock","15":"shipping-taxable","16":"purchasable","17":"product-type-simple"},"_links":{"self":[{"href":"https:\/\/faberpet.ro\/stage\/wp-json\/wp\/v2\/product\/3728","targetHints":{"allow":["GET"]}}],"collection":[{"href":"https:\/\/faberpet.ro\/stage\/wp-json\/wp\/v2\/product"}],"about":[{"href":"https:\/\/faberpet.ro\/stage\/wp-json\/wp\/v2\/types\/product"}],"wp:featuredmedia":[{"embeddable":true,"href":"https:\/\/faberpet.ro\/stage\/wp-json\/wp\/v2\/media\/8638"}],"wp:attachment":[{"href":"https:\/\/faberpet.ro\/stage\/wp-json\/wp\/v2\/media?parent=3728"}],"wp:term":[{"taxonomy":"product_brand","embeddable":true,"href":"https:\/\/faberpet.ro\/stage\/wp-json\/wp\/v2\/product_brand?post=3728"},{"taxonomy":"product_cat","embeddable":true,"href":"https:\/\/faberpet.ro\/stage\/wp-json\/wp\/v2\/product_cat?post=3728"},{"taxonomy":"product_tag","embeddable":true,"href":"https:\/\/faberpet.ro\/stage\/wp-json\/wp\/v2\/product_tag?post=3728"}],"curies":[{"name":"wp","href":"https:\/\/api.w.org\/{rel}","templated":true}]}}