{"id":3737,"date":"2024-10-21T20:31:01","date_gmt":"2024-10-21T17:31:01","guid":{"rendered":"https:\/\/faberpet.ro\/stage\/produs\/ornament-acvariu-crocodil-mic-cascator-18-cm\/"},"modified":"2025-08-01T08:52:05","modified_gmt":"2025-08-01T06:52:05","slug":"ornament-acvariu-crocodil-mic-cascator-18-cm","status":"publish","type":"product","link":"https:\/\/faberpet.ro\/stage\/produs\/ornament-acvariu-crocodil-mic-cascator-18-cm\/","title":{"rendered":"Ornament acvariu crocodil mic cascator 18 cm"},"content":{"rendered":"<p>Pentru a crea o lume de basm \u00een acvariul t\u0103u, decorul reprezent\u00e2nd un crocodil scufundat este punctul central de atrac\u0163ie, \u00een jurul c\u0103ruia graviteaz\u0103 toate celelalte elemente din peisajul subacvatic. Pe l\u00e2ng\u0103 aspectul estetic decorul, ornamentul are \u015fi un rol practic: acela de a oferi pe\u015ftilor \u015fi celorlalte vie\u0163uitoare marine un ad\u0103post sau loc de refugiu \u00een momentele c\u00e2nd ace\u015ftea se simt amenin\u0163a\u0163i. este prev\u0103zut cu conector la pompa de aer a acvariului. Bulele de aer care ies din mijlocul ornamentului, transform\u0103 acest ornement \u00eentr- un punct de atrac\u0163ie al acvariului t\u0103u. Decor realizat din r\u0103\u015fin\u0103 poliesteric\u0103, nu modific\u0103 caracteristicile fizico- chimice ale apei. Prezen\u0163a lui nu modific\u0103 calitatea apei din acvariu. Rezistent la ac\u0163iunea apei, poate fi folosit cu succes at\u00e2t \u00een acvariile de ap\u0103 dulce c\u00e2t \u015fi \u00een cele de ap\u0103 s\u0103rat\u0103. Nu con\u0163ine substan\u0163e toxice pentru pe\u015fti, plante sau alte vie\u0163uitoare acvatice. Lungime decor: 18 cm<\/p>\n","protected":false},"excerpt":{"rendered":"<p>Pentru a crea o lume de basm \u00een acvariul t\u0103u, decorul reprezent\u00e2nd un crocodil scufundat este punctul central de atrac\u0163ie, \u00een jurul c\u0103ruia graviteaz\u0103 toate celelalte elemente din peisajul subacvatic. Pe l\u00e2ng\u0103 aspectul estetic decorul, ornamentul are \u015fi un rol practic: acela de a oferi pe\u015ftilor \u015fi celorlalte vie\u0163uitoare marine un ad\u0103post sau loc de [&hellip;]<\/p>\n","protected":false},"featured_media":8648,"template":"","meta":[],"product_brand":[],"product_cat":[306,61,546],"product_tag":[560,543,559],"class_list":{"0":"post-3737","1":"product","2":"type-product","3":"status-publish","4":"has-post-thumbnail","6":"product_cat-accesorii-acvarii","7":"product_cat-acvaristica","8":"product_cat-ornamente","9":"product_tag-crocodil-mic","10":"product_tag-ornament-acvariu","11":"product_tag-ornament-pentru-acvariu","13":"first","14":"instock","15":"shipping-taxable","16":"purchasable","17":"product-type-simple"},"_links":{"self":[{"href":"https:\/\/faberpet.ro\/stage\/wp-json\/wp\/v2\/product\/3737","targetHints":{"allow":["GET"]}}],"collection":[{"href":"https:\/\/faberpet.ro\/stage\/wp-json\/wp\/v2\/product"}],"about":[{"href":"https:\/\/faberpet.ro\/stage\/wp-json\/wp\/v2\/types\/product"}],"wp:featuredmedia":[{"embeddable":true,"href":"https:\/\/faberpet.ro\/stage\/wp-json\/wp\/v2\/media\/8648"}],"wp:attachment":[{"href":"https:\/\/faberpet.ro\/stage\/wp-json\/wp\/v2\/media?parent=3737"}],"wp:term":[{"taxonomy":"product_brand","embeddable":true,"href":"https:\/\/faberpet.ro\/stage\/wp-json\/wp\/v2\/product_brand?post=3737"},{"taxonomy":"product_cat","embeddable":true,"href":"https:\/\/faberpet.ro\/stage\/wp-json\/wp\/v2\/product_cat?post=3737"},{"taxonomy":"product_tag","embeddable":true,"href":"https:\/\/faberpet.ro\/stage\/wp-json\/wp\/v2\/product_tag?post=3737"}],"curies":[{"name":"wp","href":"https:\/\/api.w.org\/{rel}","templated":true}]}}