{"id":3767,"date":"2024-10-21T20:31:05","date_gmt":"2024-10-21T17:31:05","guid":{"rendered":"https:\/\/faberpet.ro\/stage\/produs\/plante-acvariu-nufar-10-14-20-cm\/"},"modified":"2025-08-01T09:18:52","modified_gmt":"2025-08-01T07:18:52","slug":"plante-acvariu-nufar-10-14-20-cm","status":"publish","type":"product","link":"https:\/\/faberpet.ro\/stage\/produs\/plante-acvariu-nufar-10-14-20-cm\/","title":{"rendered":"Plante acvariu nufar 10, 14, 20 cm"},"content":{"rendered":"<p>Poate fi folosit pentru a decora acvariu, iaz sau bazin. Crea\u0163i un efect foarte realist \u00een acvariu cu amenajare a teritoriului cu aceste plante artificiale. Se plute\u0219te pe fa\u021ba apei cu ajutorul greut\u0103\u021bii montate pe plante. U\u015for de cur\u0103\u0163at \u015fi rezistente la ap\u0103, nu se estompeze. Non- toxice, sigur de utilizat. Dimensiuni: 10, 14, 20 cm<\/p>\n","protected":false},"excerpt":{"rendered":"<p>Poate fi folosit pentru a decora acvariu, iaz sau bazin. Crea\u0163i un efect foarte realist \u00een acvariu cu amenajare a teritoriului cu aceste plante artificiale. Se plute\u0219te pe fa\u021ba apei cu ajutorul greut\u0103\u021bii montate pe plante. U\u015for de cur\u0103\u0163at \u015fi rezistente la ap\u0103, nu se estompeze. Non- toxice, sigur de utilizat. Dimensiuni: 10, 14, 20 [&hellip;]<\/p>\n","protected":false},"featured_media":8680,"template":"","meta":[],"product_brand":[],"product_cat":[306,61,567],"product_tag":[558,565,566],"class_list":{"0":"post-3767","1":"product","2":"type-product","3":"status-publish","4":"has-post-thumbnail","6":"product_cat-accesorii-acvarii","7":"product_cat-acvaristica","8":"product_cat-plante-artificiale-si-decoruri","9":"product_tag-decoratiuni-acvariu","10":"product_tag-intretinere-acvariu","11":"product_tag-plante-artificiale-acvarii","13":"first","14":"instock","15":"shipping-taxable","16":"purchasable","17":"product-type-simple"},"_links":{"self":[{"href":"https:\/\/faberpet.ro\/stage\/wp-json\/wp\/v2\/product\/3767","targetHints":{"allow":["GET"]}}],"collection":[{"href":"https:\/\/faberpet.ro\/stage\/wp-json\/wp\/v2\/product"}],"about":[{"href":"https:\/\/faberpet.ro\/stage\/wp-json\/wp\/v2\/types\/product"}],"wp:featuredmedia":[{"embeddable":true,"href":"https:\/\/faberpet.ro\/stage\/wp-json\/wp\/v2\/media\/8680"}],"wp:attachment":[{"href":"https:\/\/faberpet.ro\/stage\/wp-json\/wp\/v2\/media?parent=3767"}],"wp:term":[{"taxonomy":"product_brand","embeddable":true,"href":"https:\/\/faberpet.ro\/stage\/wp-json\/wp\/v2\/product_brand?post=3767"},{"taxonomy":"product_cat","embeddable":true,"href":"https:\/\/faberpet.ro\/stage\/wp-json\/wp\/v2\/product_cat?post=3767"},{"taxonomy":"product_tag","embeddable":true,"href":"https:\/\/faberpet.ro\/stage\/wp-json\/wp\/v2\/product_tag?post=3767"}],"curies":[{"name":"wp","href":"https:\/\/api.w.org\/{rel}","templated":true}]}}