{"id":3769,"date":"2024-10-21T20:31:05","date_gmt":"2024-10-21T17:31:05","guid":{"rendered":"https:\/\/faberpet.ro\/stage\/produs\/plante-artificiale-acvariu-20-50-cm\/"},"modified":"2025-08-01T09:19:08","modified_gmt":"2025-08-01T07:19:08","slug":"plante-artificiale-acvariu-20-50-cm","status":"publish","type":"product","link":"https:\/\/faberpet.ro\/stage\/produs\/plante-artificiale-acvariu-20-50-cm\/","title":{"rendered":"Plante artificiale acvariu 20&#8243; &#8211; 50 cm"},"content":{"rendered":"<p>Ele sunt alternativ\u0103 conving\u0103toare pentru plantele naturale care necesit\u0103 \u00eengrijire \u0219i \u00eentre\u021binere frecvent\u0103. Se \u00eembin\u0103 \u00een mod natural \u00een acvarii pentru a crea peisaje acvatice frumoase \u0219i realiste. Sunt u\u0219or de instalat, pur \u0219i simplu se \u00eengroap\u0103 \u00een baza de pietri\u0219 al acvariului. Accesorii perfecte pentru orice tip de acvarii. Fabricate \u00een siguran\u021b\u0103, f\u0103r\u0103 materiale plastice toxice, acestea nu d\u0103uneaz\u0103 apei din acvariu. Plantele sunt u\u0219or de sp\u0103lat. \u00cen\u0103l\u021bimea plantei &#8211; 50 cm. Disponibile \u00een diferite modele.<\/p>\n","protected":false},"excerpt":{"rendered":"<p>Ele sunt alternativ\u0103 conving\u0103toare pentru plantele naturale care necesit\u0103 \u00eengrijire \u0219i \u00eentre\u021binere frecvent\u0103. Se \u00eembin\u0103 \u00een mod natural \u00een acvarii pentru a crea peisaje acvatice frumoase \u0219i realiste. Sunt u\u0219or de instalat, pur \u0219i simplu se \u00eengroap\u0103 \u00een baza de pietri\u0219 al acvariului. Accesorii perfecte pentru orice tip de acvarii. Fabricate \u00een siguran\u021b\u0103, f\u0103r\u0103 materiale [&hellip;]<\/p>\n","protected":false},"featured_media":8684,"template":"","meta":[],"product_brand":[],"product_cat":[306,61,567],"product_tag":[558,565,569],"class_list":{"0":"post-3769","1":"product","2":"type-product","3":"status-publish","4":"has-post-thumbnail","6":"product_cat-accesorii-acvarii","7":"product_cat-acvaristica","8":"product_cat-plante-artificiale-si-decoruri","9":"product_tag-decoratiuni-acvariu","10":"product_tag-intretinere-acvariu","11":"product_tag-plante-artificiale-acvariu","13":"first","14":"instock","15":"shipping-taxable","16":"purchasable","17":"product-type-simple"},"_links":{"self":[{"href":"https:\/\/faberpet.ro\/stage\/wp-json\/wp\/v2\/product\/3769","targetHints":{"allow":["GET"]}}],"collection":[{"href":"https:\/\/faberpet.ro\/stage\/wp-json\/wp\/v2\/product"}],"about":[{"href":"https:\/\/faberpet.ro\/stage\/wp-json\/wp\/v2\/types\/product"}],"wp:featuredmedia":[{"embeddable":true,"href":"https:\/\/faberpet.ro\/stage\/wp-json\/wp\/v2\/media\/8684"}],"wp:attachment":[{"href":"https:\/\/faberpet.ro\/stage\/wp-json\/wp\/v2\/media?parent=3769"}],"wp:term":[{"taxonomy":"product_brand","embeddable":true,"href":"https:\/\/faberpet.ro\/stage\/wp-json\/wp\/v2\/product_brand?post=3769"},{"taxonomy":"product_cat","embeddable":true,"href":"https:\/\/faberpet.ro\/stage\/wp-json\/wp\/v2\/product_cat?post=3769"},{"taxonomy":"product_tag","embeddable":true,"href":"https:\/\/faberpet.ro\/stage\/wp-json\/wp\/v2\/product_tag?post=3769"}],"curies":[{"name":"wp","href":"https:\/\/api.w.org\/{rel}","templated":true}]}}