{"id":3783,"date":"2024-10-21T20:31:06","date_gmt":"2024-10-21T17:31:06","guid":{"rendered":"https:\/\/faberpet.ro\/stage\/produs\/decor-acvariu-2d-2-fete-60-cm-15-m\/"},"modified":"2025-08-01T09:22:30","modified_gmt":"2025-08-01T07:22:30","slug":"decor-acvariu-2d-2-fete-60-cm-15-m","status":"publish","type":"product","link":"https:\/\/faberpet.ro\/stage\/produs\/decor-acvariu-2d-2-fete-60-cm-15-m\/","title":{"rendered":"Decor acvariu 2D 2 fete 60 cm\/15 m"},"content":{"rendered":"<p>Poster acvariu fabricat din folie foto plastifiat\u0103 ce se aplic\u0103 pe spatele acvariului pe exteriorul acestuia cu gel, silicon sau band\u0103 adeziv\u0103. Sunt imprimate pe ambele fe\u021be \u0219i ofer\u0103 un design de fundal simplu \u0219i extrem de eficient pentru acvariu, cu teme atractive. Posterul cu cele dou\u0103 imagini subacvatice v\u0103 ofer\u0103 dou\u0103 teme atractive, astfel \u00eenc\u00e2t ave\u021bi posibilitatea s\u0103 proiecta\u021bi acvariu dvs. dup\u0103 cum dori\u021bi. Asigur\u0103 un decor c\u00e2t mai apropiat de cel \u00eent\u00e2lnit \u00een natur\u0103. U\u0219or de t\u0103iat \u0219i instalat. Dimensiuni : 60 cm x 15 m.<\/p>\n","protected":false},"excerpt":{"rendered":"<p>Poster acvariu fabricat din folie foto plastifiat\u0103 ce se aplic\u0103 pe spatele acvariului pe exteriorul acestuia cu gel, silicon sau band\u0103 adeziv\u0103. Sunt imprimate pe ambele fe\u021be \u0219i ofer\u0103 un design de fundal simplu \u0219i extrem de eficient pentru acvariu, cu teme atractive. Posterul cu cele dou\u0103 imagini subacvatice v\u0103 ofer\u0103 dou\u0103 teme atractive, astfel [&hellip;]<\/p>\n","protected":false},"featured_media":8701,"template":"","meta":[],"product_brand":[],"product_cat":[306,61,567],"product_tag":[556,576,575],"class_list":{"0":"post-3783","1":"product","2":"type-product","3":"status-publish","4":"has-post-thumbnail","6":"product_cat-accesorii-acvarii","7":"product_cat-acvaristica","8":"product_cat-plante-artificiale-si-decoruri","9":"product_tag-decoruri-acvarii","10":"product_tag-poster-decor-acvariu","11":"product_tag-poster-pentru-acvarii","13":"first","14":"instock","15":"shipping-taxable","16":"purchasable","17":"product-type-simple"},"_links":{"self":[{"href":"https:\/\/faberpet.ro\/stage\/wp-json\/wp\/v2\/product\/3783","targetHints":{"allow":["GET"]}}],"collection":[{"href":"https:\/\/faberpet.ro\/stage\/wp-json\/wp\/v2\/product"}],"about":[{"href":"https:\/\/faberpet.ro\/stage\/wp-json\/wp\/v2\/types\/product"}],"wp:featuredmedia":[{"embeddable":true,"href":"https:\/\/faberpet.ro\/stage\/wp-json\/wp\/v2\/media\/8701"}],"wp:attachment":[{"href":"https:\/\/faberpet.ro\/stage\/wp-json\/wp\/v2\/media?parent=3783"}],"wp:term":[{"taxonomy":"product_brand","embeddable":true,"href":"https:\/\/faberpet.ro\/stage\/wp-json\/wp\/v2\/product_brand?post=3783"},{"taxonomy":"product_cat","embeddable":true,"href":"https:\/\/faberpet.ro\/stage\/wp-json\/wp\/v2\/product_cat?post=3783"},{"taxonomy":"product_tag","embeddable":true,"href":"https:\/\/faberpet.ro\/stage\/wp-json\/wp\/v2\/product_tag?post=3783"}],"curies":[{"name":"wp","href":"https:\/\/api.w.org\/{rel}","templated":true}]}}