{"id":3784,"date":"2024-10-21T20:31:07","date_gmt":"2024-10-21T17:31:07","guid":{"rendered":"https:\/\/faberpet.ro\/stage\/produs\/perdea-aer-flexibila-20-cm\/"},"modified":"2025-08-01T09:22:43","modified_gmt":"2025-08-01T07:22:43","slug":"perdea-aer-flexibila-20-cm","status":"publish","type":"product","link":"https:\/\/faberpet.ro\/stage\/produs\/perdea-aer-flexibila-20-cm\/","title":{"rendered":"Perdea aer flexibila 20 cm"},"content":{"rendered":"<p>Perdea aer de calitate superioar\u0103 pentru acvarii de ap\u0103 dulce sau s\u0103rat\u0103. Pentru decorarea acvariilor \u0219i aerarea apei acestora. Furtun poros de cauciuc, asigur\u0103 o mi\u0219care mai bun\u0103 a apei \u00een acvariu. Accesorii perfecte pentru orice tip de acvarii. Aceasta perdea de aer func\u021bioneaz\u0103 conectat\u0103 la o pomp\u0103 de aer. Conectarea la pompa de aer se face prin intermediul unui furtun de aer care se va achizi\u021biona separat. Memoreaz\u0103 pozi\u021bia \u00een care este fixat\u0103. Lungime &#8211; 20 cm. Diametrul perdelei &#8211; 1 cm.<\/p>\n","protected":false},"excerpt":{"rendered":"<p>Perdea aer de calitate superioar\u0103 pentru acvarii de ap\u0103 dulce sau s\u0103rat\u0103. Pentru decorarea acvariilor \u0219i aerarea apei acestora. Furtun poros de cauciuc, asigur\u0103 o mi\u0219care mai bun\u0103 a apei \u00een acvariu. Accesorii perfecte pentru orice tip de acvarii. Aceasta perdea de aer func\u021bioneaz\u0103 conectat\u0103 la o pomp\u0103 de aer. Conectarea la pompa de aer [&hellip;]<\/p>\n","protected":false},"featured_media":8702,"template":"","meta":[],"product_brand":[],"product_cat":[306,61,350],"product_tag":[578,577,579],"class_list":{"0":"post-3784","1":"product","2":"type-product","3":"status-publish","4":"has-post-thumbnail","6":"product_cat-accesorii-acvarii","7":"product_cat-acvaristica","8":"product_cat-furtunuri-si-pietre-de-aer","9":"product_tag-instalatii-aer-acvarii","10":"product_tag-perdea-aer-acvariu","11":"product_tag-perdea-felxibila","13":"first","14":"instock","15":"shipping-taxable","16":"purchasable","17":"product-type-simple"},"_links":{"self":[{"href":"https:\/\/faberpet.ro\/stage\/wp-json\/wp\/v2\/product\/3784","targetHints":{"allow":["GET"]}}],"collection":[{"href":"https:\/\/faberpet.ro\/stage\/wp-json\/wp\/v2\/product"}],"about":[{"href":"https:\/\/faberpet.ro\/stage\/wp-json\/wp\/v2\/types\/product"}],"wp:featuredmedia":[{"embeddable":true,"href":"https:\/\/faberpet.ro\/stage\/wp-json\/wp\/v2\/media\/8702"}],"wp:attachment":[{"href":"https:\/\/faberpet.ro\/stage\/wp-json\/wp\/v2\/media?parent=3784"}],"wp:term":[{"taxonomy":"product_brand","embeddable":true,"href":"https:\/\/faberpet.ro\/stage\/wp-json\/wp\/v2\/product_brand?post=3784"},{"taxonomy":"product_cat","embeddable":true,"href":"https:\/\/faberpet.ro\/stage\/wp-json\/wp\/v2\/product_cat?post=3784"},{"taxonomy":"product_tag","embeddable":true,"href":"https:\/\/faberpet.ro\/stage\/wp-json\/wp\/v2\/product_tag?post=3784"}],"curies":[{"name":"wp","href":"https:\/\/api.w.org\/{rel}","templated":true}]}}