{"id":3794,"date":"2024-10-21T20:31:08","date_gmt":"2024-10-21T17:31:08","guid":{"rendered":"https:\/\/faberpet.ro\/stage\/produs\/plante-artificiale-stufos-7h-17-cm\/"},"modified":"2025-08-01T09:25:52","modified_gmt":"2025-08-01T07:25:52","slug":"plante-artificiale-stufos-7h-17-cm","status":"publish","type":"product","link":"https:\/\/faberpet.ro\/stage\/produs\/plante-artificiale-stufos-7h-17-cm\/","title":{"rendered":"Plante artificiale stufos 7H&#8221; &#8211; 17 cm 4\/set"},"content":{"rendered":"<p>Plantele de plastic sunt pline de via\u021b\u0103. Ele sunt alternativ\u0103 conving\u0103toare pentru plantele naturale care necesit\u0103 \u00eengrijire \u0219i \u00eentre\u021binere frecvent\u0103. Se \u00eembin\u0103 \u00een mod natural \u00een acvarii pentru a crea peisaje acvatice frumoase \u0219i realiste. Sunt u\u0219or de instalat, pur \u0219i simplu se \u00eengroap\u0103 \u00een baza de pietri\u0219 al acvariului. Accesorii perfecte pentru orice tip de acvarii. Fabricate \u00een siguran\u021b\u0103, f\u0103r\u0103 materiale plastice toxice, acestea nu d\u0103uneaz\u0103 apei din acvariu. Plantele sunt u\u0219or de sp\u0103lat. \u00cen\u0103l\u021bimea plantei &#8211; 17 cm. Disponibile amestecat din diferite variante de plante. Se vinde c\u00e2te 4 buc\/set! Pre\u021bul afi\u0219at este la buc!<\/p>\n","protected":false},"excerpt":{"rendered":"<p>Plantele de plastic sunt pline de via\u021b\u0103. Ele sunt alternativ\u0103 conving\u0103toare pentru plantele naturale care necesit\u0103 \u00eengrijire \u0219i \u00eentre\u021binere frecvent\u0103. Se \u00eembin\u0103 \u00een mod natural \u00een acvarii pentru a crea peisaje acvatice frumoase \u0219i realiste. Sunt u\u0219or de instalat, pur \u0219i simplu se \u00eengroap\u0103 \u00een baza de pietri\u0219 al acvariului. Accesorii perfecte pentru orice tip [&hellip;]<\/p>\n","protected":false},"featured_media":8718,"template":"","meta":[],"product_brand":[],"product_cat":[306,61,567],"product_tag":[549,589,590],"class_list":{"0":"post-3794","1":"product","2":"type-product","3":"status-publish","4":"has-post-thumbnail","6":"product_cat-accesorii-acvarii","7":"product_cat-acvaristica","8":"product_cat-plante-artificiale-si-decoruri","9":"product_tag-decor-acvariu","10":"product_tag-plante-artificiale","11":"product_tag-plante-pentru-acvariu","13":"first","14":"instock","15":"shipping-taxable","16":"purchasable","17":"product-type-simple"},"_links":{"self":[{"href":"https:\/\/faberpet.ro\/stage\/wp-json\/wp\/v2\/product\/3794","targetHints":{"allow":["GET"]}}],"collection":[{"href":"https:\/\/faberpet.ro\/stage\/wp-json\/wp\/v2\/product"}],"about":[{"href":"https:\/\/faberpet.ro\/stage\/wp-json\/wp\/v2\/types\/product"}],"wp:featuredmedia":[{"embeddable":true,"href":"https:\/\/faberpet.ro\/stage\/wp-json\/wp\/v2\/media\/8718"}],"wp:attachment":[{"href":"https:\/\/faberpet.ro\/stage\/wp-json\/wp\/v2\/media?parent=3794"}],"wp:term":[{"taxonomy":"product_brand","embeddable":true,"href":"https:\/\/faberpet.ro\/stage\/wp-json\/wp\/v2\/product_brand?post=3794"},{"taxonomy":"product_cat","embeddable":true,"href":"https:\/\/faberpet.ro\/stage\/wp-json\/wp\/v2\/product_cat?post=3794"},{"taxonomy":"product_tag","embeddable":true,"href":"https:\/\/faberpet.ro\/stage\/wp-json\/wp\/v2\/product_tag?post=3794"}],"curies":[{"name":"wp","href":"https:\/\/api.w.org\/{rel}","templated":true}]}}