{"id":3823,"date":"2024-10-21T20:31:13","date_gmt":"2024-10-21T17:31:13","guid":{"rendered":"https:\/\/faberpet.ro\/stage\/produs\/placuta-atentionare-caine-rau\/"},"modified":"2025-08-01T09:58:58","modified_gmt":"2025-08-01T07:58:58","slug":"placuta-atentionare-caine-rau","status":"publish","type":"product","link":"https:\/\/faberpet.ro\/stage\/produs\/placuta-atentionare-caine-rau\/","title":{"rendered":"Placuta atentionare caine rau"},"content":{"rendered":"<p>Pl\u0103cu\u021ba de aten\u021bionare c\u00e2ine r\u0103u Indicator de aten\u021bionare cu pictograma c\u00e2inelui, \u00eenso\u021bit de textul explicativ: ATEN\u021aIE! C\u00c2INE R\u0102U!<\/p>\n<p>Indicator realizat pe suport plastic, u\u0219or de montat, rezistent la ap\u0103.<\/p>\n<p>Pl\u0103cu\u021bele sunt personalizate cu pictogramele diferitelor specii de c\u00e2ini.<\/p>\n<p>Formatul indicatorului este 15 x 20 cm. Exist\u0103 \u00een diferit\u0103 limbaj; RO, RO- HU, HU<\/p>\n<p>Pl\u0103cu\u021bele personalizate sunt numerotate de la 1 p\u00e2n\u0103 la 79 la pozele &#8220;preview&#8221;, astfel ve\u021bi putea selecta pl\u0103cu\u021ba perfect\u0103 pentru c\u0103\u021belului Dvs. \u0219i scrie\u021bi \u00een boxul de men\u021biune la finalizarea comenzii!<\/p>\n<p>De exemplu: nr. 2 este Rotweiler<\/p>\n<p>nr. 4 este Ciob\u0103nesc german<\/p>\n<p>nr. 10 este Dobermann<\/p>\n<p>nr. 41 este Dalma\u021bian<\/p>\n<p>etc. . . .<\/p>\n","protected":false},"excerpt":{"rendered":"<p>Pl\u0103cu\u021ba de aten\u021bionare c\u00e2ine r\u0103u Indicator de aten\u021bionare cu pictograma c\u00e2inelui, \u00eenso\u021bit de textul explicativ: ATEN\u021aIE! C\u00c2INE R\u0102U! Indicator realizat pe suport plastic, u\u0219or de montat, rezistent la ap\u0103. Pl\u0103cu\u021bele sunt personalizate cu pictogramele diferitelor specii de c\u00e2ini. Formatul indicatorului este 15 x 20 cm. Exist\u0103 \u00een diferit\u0103 limbaj; RO, RO- HU, HU Pl\u0103cu\u021bele personalizate [&hellip;]<\/p>\n","protected":false},"featured_media":8760,"template":"","meta":[],"product_brand":[],"product_cat":[597,168],"product_tag":[596,594,595],"class_list":{"0":"post-3823","1":"product","2":"type-product","3":"status-publish","4":"has-post-thumbnail","6":"product_cat-accesorii","7":"product_cat-caini","8":"product_tag-indicatoare-avertizare","9":"product_tag-placuta-avertizare-caini","10":"product_tag-pliant-avertizare-caini","12":"first","13":"instock","14":"shipping-taxable","15":"purchasable","16":"product-type-simple"},"_links":{"self":[{"href":"https:\/\/faberpet.ro\/stage\/wp-json\/wp\/v2\/product\/3823","targetHints":{"allow":["GET"]}}],"collection":[{"href":"https:\/\/faberpet.ro\/stage\/wp-json\/wp\/v2\/product"}],"about":[{"href":"https:\/\/faberpet.ro\/stage\/wp-json\/wp\/v2\/types\/product"}],"wp:featuredmedia":[{"embeddable":true,"href":"https:\/\/faberpet.ro\/stage\/wp-json\/wp\/v2\/media\/8760"}],"wp:attachment":[{"href":"https:\/\/faberpet.ro\/stage\/wp-json\/wp\/v2\/media?parent=3823"}],"wp:term":[{"taxonomy":"product_brand","embeddable":true,"href":"https:\/\/faberpet.ro\/stage\/wp-json\/wp\/v2\/product_brand?post=3823"},{"taxonomy":"product_cat","embeddable":true,"href":"https:\/\/faberpet.ro\/stage\/wp-json\/wp\/v2\/product_cat?post=3823"},{"taxonomy":"product_tag","embeddable":true,"href":"https:\/\/faberpet.ro\/stage\/wp-json\/wp\/v2\/product_tag?post=3823"}],"curies":[{"name":"wp","href":"https:\/\/api.w.org\/{rel}","templated":true}]}}