{"id":3824,"date":"2024-10-21T20:31:13","date_gmt":"2024-10-21T17:31:13","guid":{"rendered":"https:\/\/faberpet.ro\/stage\/produs\/tablete-cu-calciu-pentru-caini\/"},"modified":"2026-02-09T14:53:25","modified_gmt":"2026-02-09T12:53:25","slug":"tablete-cu-calciu-pentru-caini","status":"publish","type":"product","link":"https:\/\/faberpet.ro\/stage\/produs\/tablete-cu-calciu-pentru-caini\/","title":{"rendered":"Tablete cu calciu pentru caini"},"content":{"rendered":"<p>Tableta Cani pentru \u00eent\u0103rirea oaselor con\u021bine \u00een cantitate optimal\u0103 calciu \u0219i fosfor. Fiind excelent pentru animalele \u00een cre\u0219tere, femelelor gestante \u00een timpul al\u0103pt\u0103rii, satisf\u0103c\u00e2nd nevoile crescute de s\u0103ruri minerale a acestora. Ajut\u0103 la dezvoltarea s\u0103n\u0103toas\u0103 a din\u021bilor \u0219i oaselor. 1 tablet\u0103 pe zi la o greutate de 10 kg! A se p\u0103stra la loc uscat \u0219i r\u0103coros. 100 buc Substan\u021be activ\u0103: calciu 12. 5 %, fosfor 7 %Se vinde ambalat c\u00e2te 10 buc\/set! Pre\u021bul afi\u0219at este per buc!<\/p>\n","protected":false},"excerpt":{"rendered":"<p>Tableta Cani pentru \u00eent\u0103rirea oaselor con\u021bine \u00een cantitate optimal\u0103 calciu \u0219i fosfor. Fiind excelent pentru animalele \u00een cre\u0219tere, femelelor gestante \u00een timpul al\u0103pt\u0103rii, satisf\u0103c\u00e2nd nevoile crescute de s\u0103ruri minerale a acestora. Ajut\u0103 la dezvoltarea s\u0103n\u0103toas\u0103 a din\u021bilor \u0219i oaselor. 1 tablet\u0103 pe zi la o greutate de 10 kg! A se p\u0103stra la loc uscat [&hellip;]<\/p>\n","protected":false},"featured_media":8768,"template":"","meta":[],"product_brand":[],"product_cat":[168,169,184],"product_tag":[600,598,599],"class_list":{"0":"post-3824","1":"product","2":"type-product","3":"status-publish","4":"has-post-thumbnail","6":"product_cat-caini","7":"product_cat-ingrijire-caini","8":"product_cat-suplimente-si-vitamine","9":"product_tag-caini-vitamine","10":"product_tag-tablete-caini","11":"product_tag-vitamine-caini","13":"first","14":"instock","15":"shipping-taxable","16":"purchasable","17":"product-type-simple"},"_links":{"self":[{"href":"https:\/\/faberpet.ro\/stage\/wp-json\/wp\/v2\/product\/3824","targetHints":{"allow":["GET"]}}],"collection":[{"href":"https:\/\/faberpet.ro\/stage\/wp-json\/wp\/v2\/product"}],"about":[{"href":"https:\/\/faberpet.ro\/stage\/wp-json\/wp\/v2\/types\/product"}],"wp:featuredmedia":[{"embeddable":true,"href":"https:\/\/faberpet.ro\/stage\/wp-json\/wp\/v2\/media\/8768"}],"wp:attachment":[{"href":"https:\/\/faberpet.ro\/stage\/wp-json\/wp\/v2\/media?parent=3824"}],"wp:term":[{"taxonomy":"product_brand","embeddable":true,"href":"https:\/\/faberpet.ro\/stage\/wp-json\/wp\/v2\/product_brand?post=3824"},{"taxonomy":"product_cat","embeddable":true,"href":"https:\/\/faberpet.ro\/stage\/wp-json\/wp\/v2\/product_cat?post=3824"},{"taxonomy":"product_tag","embeddable":true,"href":"https:\/\/faberpet.ro\/stage\/wp-json\/wp\/v2\/product_tag?post=3824"}],"curies":[{"name":"wp","href":"https:\/\/api.w.org\/{rel}","templated":true}]}}