{"id":3828,"date":"2024-10-21T20:31:13","date_gmt":"2024-10-21T17:31:13","guid":{"rendered":"https:\/\/faberpet.ro\/stage\/produs\/tablete-alge-biotina-pentru-caini\/"},"modified":"2026-02-09T14:55:01","modified_gmt":"2026-02-09T12:55:01","slug":"tablete-alge-biotina-pentru-caini","status":"publish","type":"product","link":"https:\/\/faberpet.ro\/stage\/produs\/tablete-alge-biotina-pentru-caini\/","title":{"rendered":"Tablete alge-biotina pentru caini"},"content":{"rendered":"<p>Con\u021bine biotin\u0103 \u0219i alge \u00een cantitate m\u0103rit\u0103, important pentru un p\u0103r s\u0103n\u0103tos \u0219i lucios. Folosind cu regularitate asigur\u0103 pentru animalele de cas\u0103 dezvoltarea s\u0103n\u0103toas\u0103 a p\u0103rului, acesta din urma fiind str\u0103lucitor \u0219i frumos. 2 tablete pe zi la o greutate de 10 kg! A se p\u0103stra la loc uscat \u0219i r\u0103coros. Substan\u021be active: praf din alge de mare 60%, biotin\u0103 4 mg\/kg. Se vinde ambalat c\u00e2te 10 buc\/set! Pre\u021bul afi\u0219at este per buc!<\/p>\n","protected":false},"excerpt":{"rendered":"<p>Con\u021bine biotin\u0103 \u0219i alge \u00een cantitate m\u0103rit\u0103, important pentru un p\u0103r s\u0103n\u0103tos \u0219i lucios. Folosind cu regularitate asigur\u0103 pentru animalele de cas\u0103 dezvoltarea s\u0103n\u0103toas\u0103 a p\u0103rului, acesta din urma fiind str\u0103lucitor \u0219i frumos. 2 tablete pe zi la o greutate de 10 kg! A se p\u0103stra la loc uscat \u0219i r\u0103coros. Substan\u021be active: praf din [&hellip;]<\/p>\n","protected":false},"featured_media":8772,"template":"","meta":[],"product_brand":[],"product_cat":[168,169,184],"product_tag":[607,598],"class_list":{"0":"post-3828","1":"product","2":"type-product","3":"status-publish","4":"has-post-thumbnail","6":"product_cat-caini","7":"product_cat-ingrijire-caini","8":"product_cat-suplimente-si-vitamine","9":"product_tag-caini-tablete","10":"product_tag-tablete-caini","12":"first","13":"instock","14":"shipping-taxable","15":"purchasable","16":"product-type-simple"},"_links":{"self":[{"href":"https:\/\/faberpet.ro\/stage\/wp-json\/wp\/v2\/product\/3828","targetHints":{"allow":["GET"]}}],"collection":[{"href":"https:\/\/faberpet.ro\/stage\/wp-json\/wp\/v2\/product"}],"about":[{"href":"https:\/\/faberpet.ro\/stage\/wp-json\/wp\/v2\/types\/product"}],"wp:featuredmedia":[{"embeddable":true,"href":"https:\/\/faberpet.ro\/stage\/wp-json\/wp\/v2\/media\/8772"}],"wp:attachment":[{"href":"https:\/\/faberpet.ro\/stage\/wp-json\/wp\/v2\/media?parent=3828"}],"wp:term":[{"taxonomy":"product_brand","embeddable":true,"href":"https:\/\/faberpet.ro\/stage\/wp-json\/wp\/v2\/product_brand?post=3828"},{"taxonomy":"product_cat","embeddable":true,"href":"https:\/\/faberpet.ro\/stage\/wp-json\/wp\/v2\/product_cat?post=3828"},{"taxonomy":"product_tag","embeddable":true,"href":"https:\/\/faberpet.ro\/stage\/wp-json\/wp\/v2\/product_tag?post=3828"}],"curies":[{"name":"wp","href":"https:\/\/api.w.org\/{rel}","templated":true}]}}