{"id":3830,"date":"2024-10-21T20:31:13","date_gmt":"2024-10-21T17:31:13","guid":{"rendered":"https:\/\/faberpet.ro\/stage\/produs\/tablete-cu-calciu-pentru-pisici\/"},"modified":"2026-02-09T14:55:47","modified_gmt":"2026-02-09T12:55:47","slug":"tablete-cu-calciu-pentru-pisici","status":"publish","type":"product","link":"https:\/\/faberpet.ro\/stage\/produs\/tablete-cu-calciu-pentru-pisici\/","title":{"rendered":"Tablete cu calciu pentru pisici"},"content":{"rendered":"<p>Con\u021bine \u00een cantitate optimal\u0103 calciu \u0219i fosfor. Fiind excelent pentru animalele \u00een cre\u0219tere, femelelor gestante \u00een timpul al\u0103pt\u0103rii, satisf\u0103c\u00e2nd nevoile crescute de s\u0103ruri minerale a acestora. Ajut\u0103 la dezvoltarea s\u0103n\u0103toas\u0103 a din\u021bilor \u0219i oaselor. 1- 2 tablet\u0103 pe zi! A se p\u0103stra la loc uscat \u0219i r\u0103coros. Substan\u021be activ\u0103: calciu 7. 5 %, fosfor 4, 5 %Pentru Parteneri se vinde ambalat c\u00e2te 10 buc\/set! Pre\u021bul afi\u0219at este per buc! Pentru Persoane Fizice se vinde la buc! Pre\u021bul afi\u0219at este la buc!<\/p>\n","protected":false},"excerpt":{"rendered":"<p>Con\u021bine \u00een cantitate optimal\u0103 calciu \u0219i fosfor. Fiind excelent pentru animalele \u00een cre\u0219tere, femelelor gestante \u00een timpul al\u0103pt\u0103rii, satisf\u0103c\u00e2nd nevoile crescute de s\u0103ruri minerale a acestora. Ajut\u0103 la dezvoltarea s\u0103n\u0103toas\u0103 a din\u021bilor \u0219i oaselor. 1- 2 tablet\u0103 pe zi! A se p\u0103stra la loc uscat \u0219i r\u0103coros. Substan\u021be activ\u0103: calciu 7. 5 %, fosfor 4, [&hellip;]<\/p>\n","protected":false},"featured_media":8775,"template":"","meta":[],"product_brand":[],"product_cat":[172,171,185],"product_tag":[609],"class_list":{"0":"post-3830","1":"product","2":"type-product","3":"status-publish","4":"has-post-thumbnail","6":"product_cat-ingrijire-pisici","7":"product_cat-pisici","8":"product_cat-suplimente-si-vitamine-ingrijire-pisici","9":"product_tag-vitamine-pisici","11":"first","12":"instock","13":"shipping-taxable","14":"purchasable","15":"product-type-simple"},"_links":{"self":[{"href":"https:\/\/faberpet.ro\/stage\/wp-json\/wp\/v2\/product\/3830","targetHints":{"allow":["GET"]}}],"collection":[{"href":"https:\/\/faberpet.ro\/stage\/wp-json\/wp\/v2\/product"}],"about":[{"href":"https:\/\/faberpet.ro\/stage\/wp-json\/wp\/v2\/types\/product"}],"wp:featuredmedia":[{"embeddable":true,"href":"https:\/\/faberpet.ro\/stage\/wp-json\/wp\/v2\/media\/8775"}],"wp:attachment":[{"href":"https:\/\/faberpet.ro\/stage\/wp-json\/wp\/v2\/media?parent=3830"}],"wp:term":[{"taxonomy":"product_brand","embeddable":true,"href":"https:\/\/faberpet.ro\/stage\/wp-json\/wp\/v2\/product_brand?post=3830"},{"taxonomy":"product_cat","embeddable":true,"href":"https:\/\/faberpet.ro\/stage\/wp-json\/wp\/v2\/product_cat?post=3830"},{"taxonomy":"product_tag","embeddable":true,"href":"https:\/\/faberpet.ro\/stage\/wp-json\/wp\/v2\/product_tag?post=3830"}],"curies":[{"name":"wp","href":"https:\/\/api.w.org\/{rel}","templated":true}]}}