{"id":3831,"date":"2024-10-21T20:31:13","date_gmt":"2024-10-21T17:31:13","guid":{"rendered":"https:\/\/faberpet.ro\/stage\/produs\/tablete-cu-multivitamine-pentru-pisici\/"},"modified":"2026-02-09T14:56:07","modified_gmt":"2026-02-09T12:56:07","slug":"tablete-cu-multivitamine-pentru-pisici","status":"publish","type":"product","link":"https:\/\/faberpet.ro\/stage\/produs\/tablete-cu-multivitamine-pentru-pisici\/","title":{"rendered":"Tablete cu multivitamine pentru pisici"},"content":{"rendered":"<p>Multivitaminele Panzi con\u021bin vitaminele esen\u021biale \u00een cantitatea optimal\u0103 pentru pisici. Folosind cu regularitate asigur\u0103 pentru animalele de cas\u0103 dezvoltarea s\u0103n\u0103toas\u0103 \u0219i imunitate accentuat\u0103. 1- 2 tablete pe zi! A se p\u0103stra la loc uscat \u0219i r\u0103coros! Compozi\u021bie analitic\u0103:Proteine crude 20 %Fibre crude 1%Cenu\u0219\u0103 4 %Ingredien\u021bi: vitamina A, vitamine D3, vitamina E, vitamina B1, vitamina B2, vitamina B6, pantotenant de Ca- d Se vinde ambalat c\u00e2te 10 buc\/set! Pre\u021bul afi\u0219at este per buc!<\/p>\n","protected":false},"excerpt":{"rendered":"<p>Multivitaminele Panzi con\u021bin vitaminele esen\u021biale \u00een cantitatea optimal\u0103 pentru pisici. Folosind cu regularitate asigur\u0103 pentru animalele de cas\u0103 dezvoltarea s\u0103n\u0103toas\u0103 \u0219i imunitate accentuat\u0103. 1- 2 tablete pe zi! A se p\u0103stra la loc uscat \u0219i r\u0103coros! Compozi\u021bie analitic\u0103:Proteine crude 20 %Fibre crude 1%Cenu\u0219\u0103 4 %Ingredien\u021bi: vitamina A, vitamine D3, vitamina E, vitamina B1, vitamina B2, [&hellip;]<\/p>\n","protected":false},"featured_media":8776,"template":"","meta":[],"product_brand":[],"product_cat":[172,171,185],"product_tag":[610],"class_list":{"0":"post-3831","1":"product","2":"type-product","3":"status-publish","4":"has-post-thumbnail","6":"product_cat-ingrijire-pisici","7":"product_cat-pisici","8":"product_cat-suplimente-si-vitamine-ingrijire-pisici","9":"product_tag-multivitamine-pisici","11":"first","12":"instock","13":"shipping-taxable","14":"purchasable","15":"product-type-simple"},"_links":{"self":[{"href":"https:\/\/faberpet.ro\/stage\/wp-json\/wp\/v2\/product\/3831","targetHints":{"allow":["GET"]}}],"collection":[{"href":"https:\/\/faberpet.ro\/stage\/wp-json\/wp\/v2\/product"}],"about":[{"href":"https:\/\/faberpet.ro\/stage\/wp-json\/wp\/v2\/types\/product"}],"wp:featuredmedia":[{"embeddable":true,"href":"https:\/\/faberpet.ro\/stage\/wp-json\/wp\/v2\/media\/8776"}],"wp:attachment":[{"href":"https:\/\/faberpet.ro\/stage\/wp-json\/wp\/v2\/media?parent=3831"}],"wp:term":[{"taxonomy":"product_brand","embeddable":true,"href":"https:\/\/faberpet.ro\/stage\/wp-json\/wp\/v2\/product_brand?post=3831"},{"taxonomy":"product_cat","embeddable":true,"href":"https:\/\/faberpet.ro\/stage\/wp-json\/wp\/v2\/product_cat?post=3831"},{"taxonomy":"product_tag","embeddable":true,"href":"https:\/\/faberpet.ro\/stage\/wp-json\/wp\/v2\/product_tag?post=3831"}],"curies":[{"name":"wp","href":"https:\/\/api.w.org\/{rel}","templated":true}]}}