{"id":3832,"date":"2024-10-21T20:31:14","date_gmt":"2024-10-21T17:31:14","guid":{"rendered":"https:\/\/faberpet.ro\/stage\/produs\/tablete-cu-vitamine-pentru-par-si-blana-pisici\/"},"modified":"2026-02-09T14:56:42","modified_gmt":"2026-02-09T12:56:42","slug":"tablete-cu-vitamine-pentru-par-si-blana-pisici","status":"publish","type":"product","link":"https:\/\/faberpet.ro\/stage\/produs\/tablete-cu-vitamine-pentru-par-si-blana-pisici\/","title":{"rendered":"Tablete cu vitamine pentru par si blana pisici"},"content":{"rendered":"<p>Con\u021bine nu numai vitaminele necesare vitale, dar \u0219i biotin\u0103 \u00een cantitate m\u0103rit\u0103 fiind important pentru un p\u0103r \u0219i o piele s\u0103n\u0103toas\u0103. Folosind cu regularitate asigur\u0103 pentru animalele de cas\u0103 dezvoltarea s\u0103n\u0103toas\u0103 a pielii \u0219i a p\u0103rului, acesta din urma fiind str\u0103licitor \u0219i frumos. 1- 2 tablet\u0103 pe zi! A se p\u0103stra la loc uscat \u0219i r\u0103coros. Compozi\u021bie analitic\u0103:Proteine crude 15 %Fibre crude 1%Cenu\u0219\u0103 15 %Umiditate 10%Ingredien\u021bi: vitamina A, vitamine D3, vitamina E, vitamina B1, vitamina B2, vitamina B6, pantotenat de Ca. Se vinde ambalat c\u00e2te 10 buc\/set! Pre\u021bul afi\u0219at este per buc!<\/p>\n","protected":false},"excerpt":{"rendered":"<p>Con\u021bine nu numai vitaminele necesare vitale, dar \u0219i biotin\u0103 \u00een cantitate m\u0103rit\u0103 fiind important pentru un p\u0103r \u0219i o piele s\u0103n\u0103toas\u0103. Folosind cu regularitate asigur\u0103 pentru animalele de cas\u0103 dezvoltarea s\u0103n\u0103toas\u0103 a pielii \u0219i a p\u0103rului, acesta din urma fiind str\u0103licitor \u0219i frumos. 1- 2 tablet\u0103 pe zi! A se p\u0103stra la loc uscat \u0219i [&hellip;]<\/p>\n","protected":false},"featured_media":8777,"template":"","meta":[],"product_brand":[],"product_cat":[172,171,185],"product_tag":[611,612,606],"class_list":{"0":"post-3832","1":"product","2":"type-product","3":"status-publish","4":"has-post-thumbnail","6":"product_cat-ingrijire-pisici","7":"product_cat-pisici","8":"product_cat-suplimente-si-vitamine-ingrijire-pisici","9":"product_tag-tablete-pentru-pisici","10":"product_tag-tablete-pisici","11":"product_tag-tablete-vitamine","13":"first","14":"instock","15":"shipping-taxable","16":"purchasable","17":"product-type-simple"},"_links":{"self":[{"href":"https:\/\/faberpet.ro\/stage\/wp-json\/wp\/v2\/product\/3832","targetHints":{"allow":["GET"]}}],"collection":[{"href":"https:\/\/faberpet.ro\/stage\/wp-json\/wp\/v2\/product"}],"about":[{"href":"https:\/\/faberpet.ro\/stage\/wp-json\/wp\/v2\/types\/product"}],"wp:featuredmedia":[{"embeddable":true,"href":"https:\/\/faberpet.ro\/stage\/wp-json\/wp\/v2\/media\/8777"}],"wp:attachment":[{"href":"https:\/\/faberpet.ro\/stage\/wp-json\/wp\/v2\/media?parent=3832"}],"wp:term":[{"taxonomy":"product_brand","embeddable":true,"href":"https:\/\/faberpet.ro\/stage\/wp-json\/wp\/v2\/product_brand?post=3832"},{"taxonomy":"product_cat","embeddable":true,"href":"https:\/\/faberpet.ro\/stage\/wp-json\/wp\/v2\/product_cat?post=3832"},{"taxonomy":"product_tag","embeddable":true,"href":"https:\/\/faberpet.ro\/stage\/wp-json\/wp\/v2\/product_tag?post=3832"}],"curies":[{"name":"wp","href":"https:\/\/api.w.org\/{rel}","templated":true}]}}