{"id":3841,"date":"2024-10-21T20:31:14","date_gmt":"2024-10-21T17:31:14","guid":{"rendered":"https:\/\/faberpet.ro\/stage\/produs\/picaturi-ectocid-natural-spot-on-caini-pisici-30-ml\/"},"modified":"2025-08-05T11:03:40","modified_gmt":"2025-08-05T09:03:40","slug":"picaturi-ectocid-natural-spot-on-caini-pisici-30-ml","status":"publish","type":"product","link":"https:\/\/faberpet.ro\/stage\/produs\/picaturi-ectocid-natural-spot-on-caini-pisici-30-ml\/","title":{"rendered":"Picaturi ECTOCID NATURAL Spot-On caini-pisici 30 ml"},"content":{"rendered":"<p>Extract hidro- alcoolic din plante medicinale. Ectocid Natural Spot- on &#8211; solu\u0163ia de uz extern pentru aplicare cutanat\u0103 contribuie la combaterea parazi\u0163ilor externi (purici, p\u0103duchi, c\u0103pu\u015fe, scabie) \u015fi a insectelor care provoac\u0103 disconfort (mu\u015fte, \u0163\u0103n\u0163ari, furnici, g\u00e2ndaci, plo\u015fni\u0163e, viespi, etc). Produsul afecteaz\u0103 sistemul nervos al insectelor. Nu este toxic pentru mamifere \u0219i p\u0103s\u0103ri. Con\u021bin\u00e2nd un amestec complex de substan\u021be, nu se instaleaz\u0103 rezisten\u021ba insectelor la efectul al produsului. Se aplic\u0103 direct pe piele c\u00e2te 2- 3 pic\u0103tur I la distan\u0163\u0103 de 4 cm, pe linia median\u0103, dorsal\u0103, \u00eencep\u00e2nd de la baza cefei p\u0103n\u0103 la baza cozii, ori de c\u00e2te ori este nevoie. Precau\u021bii:A nu se utiliza la indivizii care sunt alergici la unul dintre componen\u0163ii produsului. A nu se l\u0103sa la \u00eendem\u00e2na copiilor. Evita\u0163i contactul cu ochii, sp\u0103la\u0163i m\u00e2inile dup\u0103 utilizare. A se depozita la temperatura camerei.<\/p>\n","protected":false},"excerpt":{"rendered":"<p>Extract hidro- alcoolic din plante medicinale. Ectocid Natural Spot- on &#8211; solu\u0163ia de uz extern pentru aplicare cutanat\u0103 contribuie la combaterea parazi\u0163ilor externi (purici, p\u0103duchi, c\u0103pu\u015fe, scabie) \u015fi a insectelor care provoac\u0103 disconfort (mu\u015fte, \u0163\u0103n\u0163ari, furnici, g\u00e2ndaci, plo\u015fni\u0163e, viespi, etc). Produsul afecteaz\u0103 sistemul nervos al insectelor. Nu este toxic pentru mamifere \u0219i p\u0103s\u0103ri. Con\u021bin\u00e2nd un [&hellip;]<\/p>\n","protected":false},"featured_media":8786,"template":"","meta":[],"product_brand":[],"product_cat":[168,169,172,171,173,170],"product_tag":[615,621,620],"class_list":{"0":"post-3841","1":"product","2":"type-product","3":"status-publish","4":"has-post-thumbnail","6":"product_cat-caini","7":"product_cat-ingrijire-caini","8":"product_cat-ingrijire-pisici","9":"product_cat-pisici","10":"product_cat-solutii-antiparazitare-ingrijire-pisici","11":"product_cat-solutii-antiparazitare","12":"product_tag-antipurici-caini","13":"product_tag-antipurici-pisici","14":"product_tag-picaturi-antipurici","16":"first","17":"instock","18":"shipping-taxable","19":"purchasable","20":"product-type-simple"},"_links":{"self":[{"href":"https:\/\/faberpet.ro\/stage\/wp-json\/wp\/v2\/product\/3841","targetHints":{"allow":["GET"]}}],"collection":[{"href":"https:\/\/faberpet.ro\/stage\/wp-json\/wp\/v2\/product"}],"about":[{"href":"https:\/\/faberpet.ro\/stage\/wp-json\/wp\/v2\/types\/product"}],"wp:featuredmedia":[{"embeddable":true,"href":"https:\/\/faberpet.ro\/stage\/wp-json\/wp\/v2\/media\/8786"}],"wp:attachment":[{"href":"https:\/\/faberpet.ro\/stage\/wp-json\/wp\/v2\/media?parent=3841"}],"wp:term":[{"taxonomy":"product_brand","embeddable":true,"href":"https:\/\/faberpet.ro\/stage\/wp-json\/wp\/v2\/product_brand?post=3841"},{"taxonomy":"product_cat","embeddable":true,"href":"https:\/\/faberpet.ro\/stage\/wp-json\/wp\/v2\/product_cat?post=3841"},{"taxonomy":"product_tag","embeddable":true,"href":"https:\/\/faberpet.ro\/stage\/wp-json\/wp\/v2\/product_tag?post=3841"}],"curies":[{"name":"wp","href":"https:\/\/api.w.org\/{rel}","templated":true}]}}